{"id":16316,"date":"2024-07-11T10:45:09","date_gmt":"2024-07-11T08:45:09","guid":{"rendered":"https:\/\/bodhiwhispers.be\/disclaimer\/"},"modified":"2026-04-27T10:27:54","modified_gmt":"2026-04-27T08:27:54","slug":"disclaimer","status":"publish","type":"page","link":"https:\/\/bodhiwhispers.be\/fr\/disclaimer\/","title":{"rendered":"Disclaimer"},"content":{"rendered":"\t\t<div data-elementor-type=\"wp-page\" data-elementor-id=\"16316\" class=\"elementor elementor-16316 elementor-14817\" data-elementor-post-type=\"page\">\n\t\t\t\t<div class=\"elementor-element elementor-element-2e7b26e3 e-con-full e-flex e-con e-parent\" data-id=\"2e7b26e3\" data-element_type=\"container\" data-e-type=\"container\" data-settings=\"{&quot;background_background&quot;:&quot;classic&quot;}\">\n\t\t\t\t<div class=\"elementor-element elementor-element-211fd389 elementor-widget__width-inherit elementor-widget elementor-widget-heading\" data-id=\"211fd389\" data-element_type=\"widget\" data-e-type=\"widget\" data-widget_type=\"heading.default\">\n\t\t\t\t<div class=\"elementor-widget-container\">\n\t\t\t\t\t<h1 class=\"elementor-heading-title elementor-size-default\">Disclaimer<\/h1>\t\t\t\t<\/div>\n\t\t\t\t<\/div>\n\t\t\t\t<div class=\"elementor-element elementor-element-5abb1574 elementor-widget elementor-widget-spacer\" data-id=\"5abb1574\" data-element_type=\"widget\" data-e-type=\"widget\" data-widget_type=\"spacer.default\">\n\t\t\t\t<div class=\"elementor-widget-container\">\n\t\t\t\t\t\t\t<div class=\"elementor-spacer\">\n\t\t\t<div class=\"elementor-spacer-inner\"><\/div>\n\t\t<\/div>\n\t\t\t\t\t\t<\/div>\n\t\t\t\t<\/div>\n\t\t\t\t<div class=\"elementor-element elementor-element-507c9236 elementor-widget elementor-widget-text-editor\" data-id=\"507c9236\" data-element_type=\"widget\" data-e-type=\"widget\" data-widget_type=\"text-editor.default\">\n\t\t\t\t<div class=\"elementor-widget-container\">\n\t\t\t\t\t\t\t\t\t<div id=\"comp-liu7humk1\" data-testid=\"richTextElement\"><p>Ce site web est la propri\u00e9t\u00e9 de Bodhiwhispers. <span style=\"font-family: var( --e-global-typography-text-font-family ), Sans-serif; font-size: var( --e-global-typography-text-font-size ); font-style: var( --e-global-typography-text-font-style ); font-weight: var( --e-global-typography-text-font-weight ); letter-spacing: var( --e-global-typography-text-letter-spacing ); text-transform: var( --e-global-typography-text-text-transform ); word-spacing: var( --e-global-typography-text-word-spacing ); text-align: var(--text-align); background-color: var( --e-global-color-5daae3fe );\">En acc\u00e9dant au site et en l&rsquo;utilisant, vous acceptez express\u00e9ment les conditions suivantes :<\/span><\/p><\/div>\t\t\t\t\t\t\t\t<\/div>\n\t\t\t\t<\/div>\n\t\t\t\t<div class=\"elementor-element elementor-element-3d18923 elementor-widget elementor-widget-spacer\" data-id=\"3d18923\" data-element_type=\"widget\" data-e-type=\"widget\" data-widget_type=\"spacer.default\">\n\t\t\t\t<div class=\"elementor-widget-container\">\n\t\t\t\t\t\t\t<div class=\"elementor-spacer\">\n\t\t\t<div class=\"elementor-spacer-inner\"><\/div>\n\t\t<\/div>\n\t\t\t\t\t\t<\/div>\n\t\t\t\t<\/div>\n\t\t\t\t<div class=\"elementor-element elementor-element-2e7a80f elementor-widget elementor-widget-heading\" data-id=\"2e7a80f\" data-element_type=\"widget\" data-e-type=\"widget\" data-widget_type=\"heading.default\">\n\t\t\t\t<div class=\"elementor-widget-container\">\n\t\t\t\t\t<h2 class=\"elementor-heading-title elementor-size-default\">Les droits de propri\u00e9t\u00e9 intellectuelle<\/h2>\t\t\t\t<\/div>\n\t\t\t\t<\/div>\n\t\t\t\t<div class=\"elementor-element elementor-element-54de66e elementor-widget elementor-widget-spacer\" data-id=\"54de66e\" data-element_type=\"widget\" data-e-type=\"widget\" data-widget_type=\"spacer.default\">\n\t\t\t\t<div class=\"elementor-widget-container\">\n\t\t\t\t\t\t\t<div class=\"elementor-spacer\">\n\t\t\t<div class=\"elementor-spacer-inner\"><\/div>\n\t\t<\/div>\n\t\t\t\t\t\t<\/div>\n\t\t\t\t<\/div>\n\t\t\t\t<div class=\"elementor-element elementor-element-541221a elementor-widget elementor-widget-text-editor\" data-id=\"541221a\" data-element_type=\"widget\" data-e-type=\"widget\" data-widget_type=\"text-editor.default\">\n\t\t\t\t<div class=\"elementor-widget-container\">\n\t\t\t\t\t\t\t\t\t<p>Le contenu de ce site, y compris les marques, les logos, les dessins, les donn\u00e9es, les noms de produits ou d\u2019entreprises, les textes, les images, etc., est prot\u00e9g\u00e9 par des droits intellectuels et appartient \u00e0 Bodhiwhispers ou \u00e0 des tiers autoris\u00e9s.<\/p><p>Toute reproduction, distribution ou autre utilisation des textes et images de ce site est interdite sans l&rsquo;autorisation \u00e9crite pr\u00e9alable de Bodhiwhispers, sauf pour un usage strictement personnel. Le partage d&rsquo;articles via les fonctions de partage social pr\u00e9sentes sur ce site est autoris\u00e9, \u00e0 condition que la source et le lien vers l&rsquo;article original sur www.bodhiwhispers.be soient clairement mentionn\u00e9s et que le contenu ne soit aucunement modifi\u00e9. <\/p>\t\t\t\t\t\t\t\t<\/div>\n\t\t\t\t<\/div>\n\t\t\t\t<div class=\"elementor-element elementor-element-a663a11 elementor-widget elementor-widget-spacer\" data-id=\"a663a11\" data-element_type=\"widget\" data-e-type=\"widget\" data-widget_type=\"spacer.default\">\n\t\t\t\t<div class=\"elementor-widget-container\">\n\t\t\t\t\t\t\t<div class=\"elementor-spacer\">\n\t\t\t<div class=\"elementor-spacer-inner\"><\/div>\n\t\t<\/div>\n\t\t\t\t\t\t<\/div>\n\t\t\t\t<\/div>\n\t\t\t\t<div class=\"elementor-element elementor-element-37131529 elementor-widget elementor-widget-heading\" data-id=\"37131529\" data-element_type=\"widget\" data-e-type=\"widget\" data-widget_type=\"heading.default\">\n\t\t\t\t<div class=\"elementor-widget-container\">\n\t\t\t\t\t<h2 class=\"elementor-heading-title elementor-size-default\">Limitation de responsabilit\u00e9<\/h2>\t\t\t\t<\/div>\n\t\t\t\t<\/div>\n\t\t\t\t<div class=\"elementor-element elementor-element-a8ac0be elementor-widget elementor-widget-spacer\" data-id=\"a8ac0be\" data-element_type=\"widget\" data-e-type=\"widget\" data-widget_type=\"spacer.default\">\n\t\t\t\t<div class=\"elementor-widget-container\">\n\t\t\t\t\t\t\t<div class=\"elementor-spacer\">\n\t\t\t<div class=\"elementor-spacer-inner\"><\/div>\n\t\t<\/div>\n\t\t\t\t\t\t<\/div>\n\t\t\t\t<\/div>\n\t\t\t\t<div class=\"elementor-element elementor-element-1848926 elementor-widget elementor-widget-text-editor\" data-id=\"1848926\" data-element_type=\"widget\" data-e-type=\"widget\" data-widget_type=\"text-editor.default\">\n\t\t\t\t<div class=\"elementor-widget-container\">\n\t\t\t\t\t\t\t\t\t<p>Les informations figurant sur le site web sont de nature g\u00e9n\u00e9rale. Elles ne sont pas adapt\u00e9es \u00e0 des circonstances personnelles ou sp\u00e9cifiques et ne peuvent donc pas \u00eatre consid\u00e9r\u00e9es comme des conseils personnels, professionnels ou juridiques \u00e0 l&rsquo;intention de l&rsquo;utilisateur. Les services propos\u00e9s par Bodhiwhispers s&rsquo;inscrivent dans une approche compl\u00e9mentaire et ne remplacent en aucun cas un diagnostic ou un suivi m\u00e9dical ou psychoth\u00e9rapeutique conventionnel.<\/p><p>Bodhiwhispers s&rsquo;efforce de faire en sorte que les informations mises \u00e0 disposition soient compl\u00e8tes, correctes, pr\u00e9cises et actualis\u00e9es. Malgr\u00e9 ces efforts, des inexactitudes peuvent survenir dans les informations fournies. Si des inexactitudes sont constat\u00e9es ou si certaines informations ne sont pas disponibles sur ou via le site, Bodhiwhispers s\u2019efforcera d\u2019y rem\u00e9dier dans les meilleurs d\u00e9lais.<\/p><p>Toutefois, Bodhiwhispers ne pourra \u00eatre tenu responsable des dommages directs ou indirects r\u00e9sultant de l&rsquo;utilisation des informations pr\u00e9sentes sur ce site.<\/p><p>Si vous constatez des inexactitudes dans les informations mises \u00e0 disposition sur le site, veuillez contacter l&rsquo;administrateur du site.<\/p><p>Le contenu du site (y compris les liens et les hyperliens) peut \u00eatre adapt\u00e9, modifi\u00e9 ou compl\u00e9t\u00e9 \u00e0 tout moment sans pr\u00e9avis ni notification. Bodhiwhispers ne donne aucune garantie quant au bon fonctionnement du site web et ne peut en aucun cas \u00eatre tenu responsable du mauvais fonctionnement ou de l&rsquo;indisponibilit\u00e9 temporaire du site ou de tout autre dommage, direct ou indirect, pouvant r\u00e9sulter de l&rsquo;acc\u00e8s ou de l&rsquo;utilisation du site.<\/p><p>Bodhiwhispers ne peut en aucun cas \u00eatre tenu responsable envers qui que ce soit, directement ou indirectement, sp\u00e9cifiquement ou autrement, des dommages ou pertes r\u00e9sultant de l&rsquo;utilisation de ce site web ou de tout autre site web, y compris, sans limitation, ceux r\u00e9sultant de liens ou d&rsquo;hyperliens. Ces dommages ou pertes peuvent inclure, sans s&rsquo;y limiter, la perte de travail et les dommages caus\u00e9s aux programmes ou autres donn\u00e9es sur le syst\u00e8me informatique, l&rsquo;\u00e9quipement, les logiciels ou autres biens de l&rsquo;utilisateur. <\/p><p>Le site web peut contenir des hyperliens vers des sites ou des pages de tiers, ou y faire r\u00e9f\u00e9rence indirectement. Le simple fait de pr\u00e9senter des liens vers ces sites ou pages n\u2019implique en aucun cas une approbation implicite de leur contenu. Bodhiwhispers d\u00e9clare express\u00e9ment qu&rsquo;il n&rsquo;a aucun contr\u00f4le sur le contenu ou les autres caract\u00e9ristiques de ces sites web et ne peut en aucun cas \u00eatre tenu responsable de leur contenu ou de leurs caract\u00e9ristiques, ou de toute autre forme de dommage r\u00e9sultant de leur utilisation.<\/p>\t\t\t\t\t\t\t\t<\/div>\n\t\t\t\t<\/div>\n\t\t\t\t<div class=\"elementor-element elementor-element-f5fcfb7 elementor-widget elementor-widget-spacer\" data-id=\"f5fcfb7\" data-element_type=\"widget\" data-e-type=\"widget\" data-widget_type=\"spacer.default\">\n\t\t\t\t<div class=\"elementor-widget-container\">\n\t\t\t\t\t\t\t<div class=\"elementor-spacer\">\n\t\t\t<div class=\"elementor-spacer-inner\"><\/div>\n\t\t<\/div>\n\t\t\t\t\t\t<\/div>\n\t\t\t\t<\/div>\n\t\t\t\t<div class=\"elementor-element elementor-element-8eb811c elementor-widget elementor-widget-heading\" data-id=\"8eb811c\" data-element_type=\"widget\" data-e-type=\"widget\" data-widget_type=\"heading.default\">\n\t\t\t\t<div class=\"elementor-widget-container\">\n\t\t\t\t\t<h2 class=\"elementor-heading-title elementor-size-default\">Loi applicable et tribunaux comp\u00e9tents<\/h2>\t\t\t\t<\/div>\n\t\t\t\t<\/div>\n\t\t\t\t<div class=\"elementor-element elementor-element-85057a0 elementor-widget elementor-widget-spacer\" data-id=\"85057a0\" data-element_type=\"widget\" data-e-type=\"widget\" data-widget_type=\"spacer.default\">\n\t\t\t\t<div class=\"elementor-widget-container\">\n\t\t\t\t\t\t\t<div class=\"elementor-spacer\">\n\t\t\t<div class=\"elementor-spacer-inner\"><\/div>\n\t\t<\/div>\n\t\t\t\t\t\t<\/div>\n\t\t\t\t<\/div>\n\t\t\t\t<div class=\"elementor-element elementor-element-9aac211 elementor-widget elementor-widget-text-editor\" data-id=\"9aac211\" data-element_type=\"widget\" data-e-type=\"widget\" data-widget_type=\"text-editor.default\">\n\t\t\t\t<div class=\"elementor-widget-container\">\n\t\t\t\t\t\t\t\t\t<p>Le droit belge s&rsquo;applique \u00e0 ce site. En cas de litige, seuls les tribunaux de l&rsquo;arrondissement de Bruxelles sont comp\u00e9tents.<\/p>\t\t\t\t\t\t\t\t<\/div>\n\t\t\t\t<\/div>\n\t\t\t\t<div class=\"elementor-element elementor-element-24d90df elementor-widget elementor-widget-spacer\" data-id=\"24d90df\" data-element_type=\"widget\" data-e-type=\"widget\" data-widget_type=\"spacer.default\">\n\t\t\t\t<div class=\"elementor-widget-container\">\n\t\t\t\t\t\t\t<div class=\"elementor-spacer\">\n\t\t\t<div class=\"elementor-spacer-inner\"><\/div>\n\t\t<\/div>\n\t\t\t\t\t\t<\/div>\n\t\t\t\t<\/div>\n\t\t\t\t<div class=\"elementor-element elementor-element-0ad0ed5 elementor-widget elementor-widget-text-editor\" data-id=\"0ad0ed5\" data-element_type=\"widget\" data-e-type=\"widget\" data-widget_type=\"text-editor.default\">\n\t\t\t\t<div class=\"elementor-widget-container\">\n\t\t\t\t\t\t\t\t\t<p><em>Notre disclaimer a \u00e9t\u00e9 mise \u00e0 jour pour la derni\u00e8re fois le 11 f\u00e9vrier 2026. Vous trouverez toujours la version actuelle sur cette page. <\/em><\/p>\t\t\t\t\t\t\t\t<\/div>\n\t\t\t\t<\/div>\n\t\t\t\t<\/div>\n\t\t\t\t<\/div>\n\t\t","protected":false},"excerpt":{"rendered":"<p>Disclaimer Ce site web est la propri\u00e9t\u00e9 de Bodhiwhispers. En acc\u00e9dant au site et en l&rsquo;utilisant, vous acceptez express\u00e9ment les conditions suivantes : Les droits de propri\u00e9t\u00e9 intellectuelle Le contenu de ce site, y compris les marques, les logos, les dessins, les donn\u00e9es, les noms de produits ou d\u2019entreprises, les textes, les images, etc., est [&hellip;]<\/p>\n","protected":false},"author":1,"featured_media":0,"parent":0,"menu_order":0,"comment_status":"closed","ping_status":"closed","template":"","meta":{"footnotes":""},"class_list":["post-16316","page","type-page","status-publish","hentry"],"yoast_head":"<!-- This site is optimized with the Yoast SEO plugin v27.6 - https:\/\/yoast.com\/product\/yoast-seo-wordpress\/ -->\n<title>Disclaimer | Bodhiwhispers<\/title>\n<meta name=\"robots\" content=\"noindex, nofollow\" \/>\n<meta property=\"og:locale\" content=\"fr_FR\" \/>\n<meta property=\"og:type\" content=\"article\" \/>\n<meta property=\"og:title\" content=\"Disclaimer | Bodhiwhispers\" \/>\n<meta property=\"og:description\" content=\"Disclaimer Ce site web est la propri\u00e9t\u00e9 de Bodhiwhispers. En acc\u00e9dant au site et en l&rsquo;utilisant, vous acceptez express\u00e9ment les conditions suivantes : Les droits de propri\u00e9t\u00e9 intellectuelle Le contenu de ce site, y compris les marques, les logos, les dessins, les donn\u00e9es, les noms de produits ou d\u2019entreprises, les textes, les images, etc., est [&hellip;]\" \/>\n<meta property=\"og:url\" content=\"https:\/\/bodhiwhispers.be\/fr\/disclaimer\/\" \/>\n<meta property=\"og:site_name\" content=\"Bodhiwhispers\" \/>\n<meta property=\"article:modified_time\" content=\"2026-04-27T08:27:54+00:00\" \/>\n<meta property=\"og:image\" content=\"https:\/\/bodhiwhispers.be\/wp-content\/uploads\/2024\/02\/bodhiwhispers-bodhi-tree-leaves-nature-sacred.jpg\" \/>\n\t<meta property=\"og:image:width\" content=\"1280\" \/>\n\t<meta property=\"og:image:height\" content=\"853\" \/>\n\t<meta property=\"og:image:type\" content=\"image\/jpeg\" \/>\n<meta name=\"twitter:card\" content=\"summary_large_image\" \/>\n<meta name=\"twitter:label1\" content=\"Dur\u00e9e de lecture estim\u00e9e\" \/>\n\t<meta name=\"twitter:data1\" content=\"3 minutes\" \/>\n<script type=\"application\/ld+json\" class=\"yoast-schema-graph\">{\"@context\":\"https:\\\/\\\/schema.org\",\"@graph\":[{\"@type\":\"WebPage\",\"@id\":\"https:\\\/\\\/bodhiwhispers.be\\\/fr\\\/disclaimer\\\/\",\"url\":\"https:\\\/\\\/bodhiwhispers.be\\\/fr\\\/disclaimer\\\/\",\"name\":\"Disclaimer | Bodhiwhispers\",\"isPartOf\":{\"@id\":\"https:\\\/\\\/bodhiwhispers.be\\\/fr\\\/#website\"},\"datePublished\":\"2024-07-11T08:45:09+00:00\",\"dateModified\":\"2026-04-27T08:27:54+00:00\",\"breadcrumb\":{\"@id\":\"https:\\\/\\\/bodhiwhispers.be\\\/fr\\\/disclaimer\\\/#breadcrumb\"},\"inLanguage\":\"fr-FR\",\"potentialAction\":[{\"@type\":\"ReadAction\",\"target\":[\"https:\\\/\\\/bodhiwhispers.be\\\/fr\\\/disclaimer\\\/\"]}]},{\"@type\":\"BreadcrumbList\",\"@id\":\"https:\\\/\\\/bodhiwhispers.be\\\/fr\\\/disclaimer\\\/#breadcrumb\",\"itemListElement\":[{\"@type\":\"ListItem\",\"position\":1,\"name\":\"Home\",\"item\":\"https:\\\/\\\/bodhiwhispers.be\\\/fr\\\/\"},{\"@type\":\"ListItem\",\"position\":2,\"name\":\"Disclaimer\"}]},{\"@type\":\"WebSite\",\"@id\":\"https:\\\/\\\/bodhiwhispers.be\\\/fr\\\/#website\",\"url\":\"https:\\\/\\\/bodhiwhispers.be\\\/fr\\\/\",\"name\":\"Bodhiwhispers\",\"description\":\"Cabinet de travail corporel \u00e9nerg\u00e9tique \u00e0 Bruxelles\",\"publisher\":{\"@id\":\"https:\\\/\\\/bodhiwhispers.be\\\/fr\\\/#organization\"},\"alternateName\":\"Bispers\",\"potentialAction\":[{\"@type\":\"SearchAction\",\"target\":{\"@type\":\"EntryPoint\",\"urlTemplate\":\"https:\\\/\\\/bodhiwhispers.be\\\/fr\\\/?s={search_term_string}\"},\"query-input\":{\"@type\":\"PropertyValueSpecification\",\"valueRequired\":true,\"valueName\":\"search_term_string\"}}],\"inLanguage\":\"fr-FR\"},{\"@type\":\"Organization\",\"@id\":\"https:\\\/\\\/bodhiwhispers.be\\\/fr\\\/#organization\",\"name\":\"Bodhiwhispers\",\"url\":\"https:\\\/\\\/bodhiwhispers.be\\\/fr\\\/\",\"logo\":{\"@type\":\"ImageObject\",\"inLanguage\":\"fr-FR\",\"@id\":\"https:\\\/\\\/bodhiwhispers.be\\\/fr\\\/#\\\/schema\\\/logo\\\/image\\\/\",\"url\":\"https:\\\/\\\/bodhiwhispers.be\\\/wp-content\\\/uploads\\\/2025\\\/02\\\/bodhiwhispers-site-icon-search-engines-v3.ico\",\"contentUrl\":\"https:\\\/\\\/bodhiwhispers.be\\\/wp-content\\\/uploads\\\/2025\\\/02\\\/bodhiwhispers-site-icon-search-engines-v3.ico\",\"width\":696,\"height\":696,\"caption\":\"Bodhiwhispers\"},\"image\":{\"@id\":\"https:\\\/\\\/bodhiwhispers.be\\\/fr\\\/#\\\/schema\\\/logo\\\/image\\\/\"}}]}<\/script>\n<!-- \/ Yoast SEO plugin. -->","yoast_head_json":{"title":"Disclaimer | Bodhiwhispers","robots":{"index":"noindex","follow":"nofollow"},"og_locale":"fr_FR","og_type":"article","og_title":"Disclaimer | Bodhiwhispers","og_description":"Disclaimer Ce site web est la propri\u00e9t\u00e9 de Bodhiwhispers. En acc\u00e9dant au site et en l&rsquo;utilisant, vous acceptez express\u00e9ment les conditions suivantes : Les droits de propri\u00e9t\u00e9 intellectuelle Le contenu de ce site, y compris les marques, les logos, les dessins, les donn\u00e9es, les noms de produits ou d\u2019entreprises, les textes, les images, etc., est [&hellip;]","og_url":"https:\/\/bodhiwhispers.be\/fr\/disclaimer\/","og_site_name":"Bodhiwhispers","article_modified_time":"2026-04-27T08:27:54+00:00","og_image":[{"width":1280,"height":853,"url":"https:\/\/bodhiwhispers.be\/wp-content\/uploads\/2024\/02\/bodhiwhispers-bodhi-tree-leaves-nature-sacred.jpg","type":"image\/jpeg"}],"twitter_card":"summary_large_image","twitter_misc":{"Dur\u00e9e de lecture estim\u00e9e":"3 minutes"},"schema":{"@context":"https:\/\/schema.org","@graph":[{"@type":"WebPage","@id":"https:\/\/bodhiwhispers.be\/fr\/disclaimer\/","url":"https:\/\/bodhiwhispers.be\/fr\/disclaimer\/","name":"Disclaimer | Bodhiwhispers","isPartOf":{"@id":"https:\/\/bodhiwhispers.be\/fr\/#website"},"datePublished":"2024-07-11T08:45:09+00:00","dateModified":"2026-04-27T08:27:54+00:00","breadcrumb":{"@id":"https:\/\/bodhiwhispers.be\/fr\/disclaimer\/#breadcrumb"},"inLanguage":"fr-FR","potentialAction":[{"@type":"ReadAction","target":["https:\/\/bodhiwhispers.be\/fr\/disclaimer\/"]}]},{"@type":"BreadcrumbList","@id":"https:\/\/bodhiwhispers.be\/fr\/disclaimer\/#breadcrumb","itemListElement":[{"@type":"ListItem","position":1,"name":"Home","item":"https:\/\/bodhiwhispers.be\/fr\/"},{"@type":"ListItem","position":2,"name":"Disclaimer"}]},{"@type":"WebSite","@id":"https:\/\/bodhiwhispers.be\/fr\/#website","url":"https:\/\/bodhiwhispers.be\/fr\/","name":"Bodhiwhispers","description":"Cabinet de travail corporel \u00e9nerg\u00e9tique \u00e0 Bruxelles","publisher":{"@id":"https:\/\/bodhiwhispers.be\/fr\/#organization"},"alternateName":"Bispers","potentialAction":[{"@type":"SearchAction","target":{"@type":"EntryPoint","urlTemplate":"https:\/\/bodhiwhispers.be\/fr\/?s={search_term_string}"},"query-input":{"@type":"PropertyValueSpecification","valueRequired":true,"valueName":"search_term_string"}}],"inLanguage":"fr-FR"},{"@type":"Organization","@id":"https:\/\/bodhiwhispers.be\/fr\/#organization","name":"Bodhiwhispers","url":"https:\/\/bodhiwhispers.be\/fr\/","logo":{"@type":"ImageObject","inLanguage":"fr-FR","@id":"https:\/\/bodhiwhispers.be\/fr\/#\/schema\/logo\/image\/","url":"https:\/\/bodhiwhispers.be\/wp-content\/uploads\/2025\/02\/bodhiwhispers-site-icon-search-engines-v3.ico","contentUrl":"https:\/\/bodhiwhispers.be\/wp-content\/uploads\/2025\/02\/bodhiwhispers-site-icon-search-engines-v3.ico","width":696,"height":696,"caption":"Bodhiwhispers"},"image":{"@id":"https:\/\/bodhiwhispers.be\/fr\/#\/schema\/logo\/image\/"}}]}},"_links":{"self":[{"href":"https:\/\/bodhiwhispers.be\/fr\/wp-json\/wp\/v2\/pages\/16316","targetHints":{"allow":["GET"]}}],"collection":[{"href":"https:\/\/bodhiwhispers.be\/fr\/wp-json\/wp\/v2\/pages"}],"about":[{"href":"https:\/\/bodhiwhispers.be\/fr\/wp-json\/wp\/v2\/types\/page"}],"author":[{"embeddable":true,"href":"https:\/\/bodhiwhispers.be\/fr\/wp-json\/wp\/v2\/users\/1"}],"replies":[{"embeddable":true,"href":"https:\/\/bodhiwhispers.be\/fr\/wp-json\/wp\/v2\/comments?post=16316"}],"version-history":[{"count":10,"href":"https:\/\/bodhiwhispers.be\/fr\/wp-json\/wp\/v2\/pages\/16316\/revisions"}],"predecessor-version":[{"id":46775,"href":"https:\/\/bodhiwhispers.be\/fr\/wp-json\/wp\/v2\/pages\/16316\/revisions\/46775"}],"wp:attachment":[{"href":"https:\/\/bodhiwhispers.be\/fr\/wp-json\/wp\/v2\/media?parent=16316"}],"curies":[{"name":"wp","href":"https:\/\/api.w.org\/{rel}","templated":true}]}}