{"id":23031,"date":"2024-08-07T09:25:08","date_gmt":"2024-08-07T07:25:08","guid":{"rendered":"https:\/\/bodhiwhispers.be\/reservation-reiki-afstand\/"},"modified":"2025-08-11T09:34:55","modified_gmt":"2025-08-11T07:34:55","slug":"reservation-reiki-a-distance","status":"publish","type":"page","link":"https:\/\/bodhiwhispers.be\/fr\/reservation-reiki-a-distance\/","title":{"rendered":"R\u00e9servation reiki \u00e0 distance"},"content":{"rendered":"\t\t<div data-elementor-type=\"wp-page\" data-elementor-id=\"23031\" class=\"elementor elementor-23031 elementor-22978\" data-elementor-post-type=\"page\">\n\t\t\t\t<div class=\"elementor-element elementor-element-5e708783 e-con-full e-flex e-con e-parent\" data-id=\"5e708783\" data-element_type=\"container\" data-e-type=\"container\">\n\t\t\t\t<div class=\"elementor-element elementor-element-930d56f elementor-widget elementor-widget-heading\" data-id=\"930d56f\" data-element_type=\"widget\" data-e-type=\"widget\" data-widget_type=\"heading.default\">\n\t\t\t\t<div class=\"elementor-widget-container\">\n\t\t\t\t\t<h1 class=\"elementor-heading-title elementor-size-default\">Reiki \u00e0 distance<\/h1>\t\t\t\t<\/div>\n\t\t\t\t<\/div>\n\t\t\t\t<div class=\"elementor-element elementor-element-9c3153a elementor-widget elementor-widget-spacer\" data-id=\"9c3153a\" data-element_type=\"widget\" data-e-type=\"widget\" data-widget_type=\"spacer.default\">\n\t\t\t\t<div class=\"elementor-widget-container\">\n\t\t\t\t\t\t\t<div class=\"elementor-spacer\">\n\t\t\t<div class=\"elementor-spacer-inner\"><\/div>\n\t\t<\/div>\n\t\t\t\t\t\t<\/div>\n\t\t\t\t<\/div>\n\t\t\t\t<div class=\"elementor-element elementor-element-553b1d0c elementor-widget__width-inherit elementor-widget-mobile__width-inherit elementor-widget elementor-widget-bookly-widget-bookly-form\" data-id=\"553b1d0c\" data-element_type=\"widget\" data-e-type=\"widget\" data-widget_type=\"bookly-widget-bookly-form.default\">\n\t\t\t\t<div class=\"elementor-widget-container\">\n\t\t\t\t\t<!--\nPlugin Name: Bookly - Responsive WordPress Appointment Booking and Scheduling Plugin\nPlugin URI: https:\/\/www.booking-wp-plugin.com\/?utm_source=bookly_admin&utm_medium=plugins_page&utm_campaign=plugins_page\nVersion: 27.5-->\n<style type=\"text\/css\">\n    :root {\n        --bookly-main-color: #bf6363 !important;\n        --bookly-color: #bf6363 !important;\n    }\n\n        .bookly-extra-step div.bookly-extras-thumb.bookly-extras-selected { border: 5px solid #BF6363!important; }    <\/style><div class=\"bookly-css-root\">\n    <div id=\"bookly-form-container-6a0618fc8b624\" class=\"bookly-form\" data-form_id=\"\" aria-live=\"polite\">\n        <div style=\"text-align: center\"><img decoding=\"async\" src=\"https:\/\/bodhiwhispers.be\/wp-includes\/js\/tinymce\/skins\/lightgray\/img\/loader.gif\" alt=\"Chargement...\"\/><\/div>\n    <\/div>\n<\/div>\n<script type=\"text\/javascript\">\n    (function (win, fn) {\n        var done = false, top = true,\n            doc = win.document,\n            root = doc.documentElement,\n            modern = doc.addEventListener,\n            add = modern ? 'addEventListener' : 'attachEvent',\n            rem = modern ? 'removeEventListener' : 'detachEvent',\n            pre = modern ? '' : 'on',\n            init = function (e) {\n                if (e.type == 'readystatechange') if (doc.readyState != 'complete') return;\n                (e.type == 'load' ? win : doc)[rem](pre + e.type, init, false);\n                if (!done) {\n                    done = true;\n                    fn.call(win, e.type || e);\n                }\n            },\n            poll = function () {\n                try {\n                    root.doScroll('left');\n                } catch (e) {\n                    setTimeout(poll, 50);\n                    return;\n                }\n                init('poll');\n            };\n        if (doc.readyState == 'complete') fn.call(win, 'lazy');\n        else {\n            if (!modern) if (root.doScroll) {\n                try {\n                    top = !win.frameElement;\n                } catch (e) {\n                }\n                if (top) poll();\n            }\n            doc[add](pre + 'DOMContentLoaded', init, false);\n            doc[add](pre + 'readystatechange', init, false);\n            win[add](pre + 'load', init, false);\n        }\n    })(window, function () {\n        window.bookly( {\"form_id\":\"6a0618fc8b624\",\"form_data\":{\"skip_service_step\":0,\"hide_service_part1\":1,\"hide_service_part2\":0,\"defaults\":{\"service_id\":4,\"staff_id\":1,\"location_id\":2,\"category_id\":1,\"units\":0,\"date_from\":0,\"time_from\":0,\"time_to\":0}},\"status\":{\"booking\":\"new\"},\"form_token\":null,\"skip_steps\":{\"service_part1\":1,\"service_part2\":0,\"extras\":1,\"time\":0,\"repeat\":1,\"cart\":1},\"errors\":{\"session_error\":\"Erreur Session.\",\"form_id_error\":\"ID Formulaire d'erreur.\",\"cart_item_not_available\":\"Le cr\\u00e9neau horaire s\\u00e9lectionn\\u00e9e n'est plus disponible. Veuillez choisir un autre cr\\u00e9neau.\",\"pay_locally_not_available\":\"Le paiement local n'est pas disponible.\",\"invalid_gateway\":\"Portail invalide.\",\"payment_error\":\"Erreur.\",\"incorrect_username_password\":\"Identifiant ou mot de passe incorrect.\"},\"form_attributes\":{\"hide_categories\":true,\"hide_services\":true,\"hide_staff_members\":true,\"show_number_of_persons\":false,\"hide_service_duration\":true,\"hide_locations\":true,\"hide_quantity\":true,\"hide_date\":false,\"hide_week_days\":false,\"hide_time_range\":false,\"const_category_id\":1},\"use_client_time_zone\":0,\"defaults\":{\"service_id\":4,\"staff_id\":1,\"location_id\":2,\"category_id\":1},\"datepicker_mode\":\"bg-accent\",\"facebook\":{\"enabled\":0,\"appId\":\"\"},\"step_extras\":\"after_step_time\"} );\n    });\n<\/script>\t\t\t\t<\/div>\n\t\t\t\t<\/div>\n\t\t\t\t<\/div>\n\t\t\t\t<\/div>\n\t\t","protected":false},"excerpt":{"rendered":"<p>Reiki \u00e0 distance<\/p>\n","protected":false},"author":1,"featured_media":0,"parent":0,"menu_order":0,"comment_status":"closed","ping_status":"closed","template":"","meta":{"footnotes":""},"class_list":["post-23031","page","type-page","status-publish","hentry"],"yoast_head":"<!-- This site is optimized with the Yoast SEO plugin v27.6 - https:\/\/yoast.com\/product\/yoast-seo-wordpress\/ -->\n<title>R\u00e9servation reiki \u00e0 distance | Bodhiwhispers<\/title>\n<meta name=\"robots\" content=\"noindex, nofollow\" \/>\n<meta property=\"og:locale\" content=\"fr_FR\" \/>\n<meta property=\"og:type\" content=\"article\" \/>\n<meta property=\"og:title\" content=\"R\u00e9servation reiki \u00e0 distance | Bodhiwhispers\" \/>\n<meta property=\"og:description\" content=\"Reiki \u00e0 distance\" \/>\n<meta property=\"og:url\" content=\"https:\/\/bodhiwhispers.be\/fr\/reservation-reiki-a-distance\/\" \/>\n<meta property=\"og:site_name\" content=\"Bodhiwhispers\" \/>\n<meta property=\"article:modified_time\" content=\"2025-08-11T07:34:55+00:00\" \/>\n<meta property=\"og:image\" content=\"https:\/\/bodhiwhispers.be\/wp-content\/uploads\/2024\/02\/bodhiwhispers-bodhi-tree-leaves-nature-sacred.jpg\" \/>\n\t<meta property=\"og:image:width\" content=\"1280\" \/>\n\t<meta property=\"og:image:height\" content=\"853\" \/>\n\t<meta property=\"og:image:type\" content=\"image\/jpeg\" \/>\n<meta name=\"twitter:card\" content=\"summary_large_image\" \/>\n<script type=\"application\/ld+json\" class=\"yoast-schema-graph\">{\"@context\":\"https:\\\/\\\/schema.org\",\"@graph\":[{\"@type\":\"WebPage\",\"@id\":\"https:\\\/\\\/bodhiwhispers.be\\\/fr\\\/reservation-reiki-a-distance\\\/\",\"url\":\"https:\\\/\\\/bodhiwhispers.be\\\/fr\\\/reservation-reiki-a-distance\\\/\",\"name\":\"R\u00e9servation reiki \u00e0 distance | Bodhiwhispers\",\"isPartOf\":{\"@id\":\"https:\\\/\\\/bodhiwhispers.be\\\/fr\\\/#website\"},\"datePublished\":\"2024-08-07T07:25:08+00:00\",\"dateModified\":\"2025-08-11T07:34:55+00:00\",\"breadcrumb\":{\"@id\":\"https:\\\/\\\/bodhiwhispers.be\\\/fr\\\/reservation-reiki-a-distance\\\/#breadcrumb\"},\"inLanguage\":\"fr-FR\",\"potentialAction\":[{\"@type\":\"ReadAction\",\"target\":[\"https:\\\/\\\/bodhiwhispers.be\\\/fr\\\/reservation-reiki-a-distance\\\/\"]}]},{\"@type\":\"BreadcrumbList\",\"@id\":\"https:\\\/\\\/bodhiwhispers.be\\\/fr\\\/reservation-reiki-a-distance\\\/#breadcrumb\",\"itemListElement\":[{\"@type\":\"ListItem\",\"position\":1,\"name\":\"Home\",\"item\":\"https:\\\/\\\/bodhiwhispers.be\\\/fr\\\/\"},{\"@type\":\"ListItem\",\"position\":2,\"name\":\"R\u00e9servation reiki \u00e0 distance\"}]},{\"@type\":\"WebSite\",\"@id\":\"https:\\\/\\\/bodhiwhispers.be\\\/fr\\\/#website\",\"url\":\"https:\\\/\\\/bodhiwhispers.be\\\/fr\\\/\",\"name\":\"Bodhiwhispers\",\"description\":\"Cabinet de travail corporel \u00e9nerg\u00e9tique \u00e0 Bruxelles\",\"publisher\":{\"@id\":\"https:\\\/\\\/bodhiwhispers.be\\\/fr\\\/#organization\"},\"alternateName\":\"Bispers\",\"potentialAction\":[{\"@type\":\"SearchAction\",\"target\":{\"@type\":\"EntryPoint\",\"urlTemplate\":\"https:\\\/\\\/bodhiwhispers.be\\\/fr\\\/?s={search_term_string}\"},\"query-input\":{\"@type\":\"PropertyValueSpecification\",\"valueRequired\":true,\"valueName\":\"search_term_string\"}}],\"inLanguage\":\"fr-FR\"},{\"@type\":\"Organization\",\"@id\":\"https:\\\/\\\/bodhiwhispers.be\\\/fr\\\/#organization\",\"name\":\"Bodhiwhispers\",\"url\":\"https:\\\/\\\/bodhiwhispers.be\\\/fr\\\/\",\"logo\":{\"@type\":\"ImageObject\",\"inLanguage\":\"fr-FR\",\"@id\":\"https:\\\/\\\/bodhiwhispers.be\\\/fr\\\/#\\\/schema\\\/logo\\\/image\\\/\",\"url\":\"https:\\\/\\\/bodhiwhispers.be\\\/wp-content\\\/uploads\\\/2025\\\/02\\\/bodhiwhispers-site-icon-search-engines-v3.ico\",\"contentUrl\":\"https:\\\/\\\/bodhiwhispers.be\\\/wp-content\\\/uploads\\\/2025\\\/02\\\/bodhiwhispers-site-icon-search-engines-v3.ico\",\"width\":696,\"height\":696,\"caption\":\"Bodhiwhispers\"},\"image\":{\"@id\":\"https:\\\/\\\/bodhiwhispers.be\\\/fr\\\/#\\\/schema\\\/logo\\\/image\\\/\"}}]}<\/script>\n<!-- \/ Yoast SEO plugin. -->","yoast_head_json":{"title":"R\u00e9servation reiki \u00e0 distance | Bodhiwhispers","robots":{"index":"noindex","follow":"nofollow"},"og_locale":"fr_FR","og_type":"article","og_title":"R\u00e9servation reiki \u00e0 distance | Bodhiwhispers","og_description":"Reiki \u00e0 distance","og_url":"https:\/\/bodhiwhispers.be\/fr\/reservation-reiki-a-distance\/","og_site_name":"Bodhiwhispers","article_modified_time":"2025-08-11T07:34:55+00:00","og_image":[{"width":1280,"height":853,"url":"https:\/\/bodhiwhispers.be\/wp-content\/uploads\/2024\/02\/bodhiwhispers-bodhi-tree-leaves-nature-sacred.jpg","type":"image\/jpeg"}],"twitter_card":"summary_large_image","schema":{"@context":"https:\/\/schema.org","@graph":[{"@type":"WebPage","@id":"https:\/\/bodhiwhispers.be\/fr\/reservation-reiki-a-distance\/","url":"https:\/\/bodhiwhispers.be\/fr\/reservation-reiki-a-distance\/","name":"R\u00e9servation reiki \u00e0 distance | Bodhiwhispers","isPartOf":{"@id":"https:\/\/bodhiwhispers.be\/fr\/#website"},"datePublished":"2024-08-07T07:25:08+00:00","dateModified":"2025-08-11T07:34:55+00:00","breadcrumb":{"@id":"https:\/\/bodhiwhispers.be\/fr\/reservation-reiki-a-distance\/#breadcrumb"},"inLanguage":"fr-FR","potentialAction":[{"@type":"ReadAction","target":["https:\/\/bodhiwhispers.be\/fr\/reservation-reiki-a-distance\/"]}]},{"@type":"BreadcrumbList","@id":"https:\/\/bodhiwhispers.be\/fr\/reservation-reiki-a-distance\/#breadcrumb","itemListElement":[{"@type":"ListItem","position":1,"name":"Home","item":"https:\/\/bodhiwhispers.be\/fr\/"},{"@type":"ListItem","position":2,"name":"R\u00e9servation reiki \u00e0 distance"}]},{"@type":"WebSite","@id":"https:\/\/bodhiwhispers.be\/fr\/#website","url":"https:\/\/bodhiwhispers.be\/fr\/","name":"Bodhiwhispers","description":"Cabinet de travail corporel \u00e9nerg\u00e9tique \u00e0 Bruxelles","publisher":{"@id":"https:\/\/bodhiwhispers.be\/fr\/#organization"},"alternateName":"Bispers","potentialAction":[{"@type":"SearchAction","target":{"@type":"EntryPoint","urlTemplate":"https:\/\/bodhiwhispers.be\/fr\/?s={search_term_string}"},"query-input":{"@type":"PropertyValueSpecification","valueRequired":true,"valueName":"search_term_string"}}],"inLanguage":"fr-FR"},{"@type":"Organization","@id":"https:\/\/bodhiwhispers.be\/fr\/#organization","name":"Bodhiwhispers","url":"https:\/\/bodhiwhispers.be\/fr\/","logo":{"@type":"ImageObject","inLanguage":"fr-FR","@id":"https:\/\/bodhiwhispers.be\/fr\/#\/schema\/logo\/image\/","url":"https:\/\/bodhiwhispers.be\/wp-content\/uploads\/2025\/02\/bodhiwhispers-site-icon-search-engines-v3.ico","contentUrl":"https:\/\/bodhiwhispers.be\/wp-content\/uploads\/2025\/02\/bodhiwhispers-site-icon-search-engines-v3.ico","width":696,"height":696,"caption":"Bodhiwhispers"},"image":{"@id":"https:\/\/bodhiwhispers.be\/fr\/#\/schema\/logo\/image\/"}}]}},"_links":{"self":[{"href":"https:\/\/bodhiwhispers.be\/fr\/wp-json\/wp\/v2\/pages\/23031","targetHints":{"allow":["GET"]}}],"collection":[{"href":"https:\/\/bodhiwhispers.be\/fr\/wp-json\/wp\/v2\/pages"}],"about":[{"href":"https:\/\/bodhiwhispers.be\/fr\/wp-json\/wp\/v2\/types\/page"}],"author":[{"embeddable":true,"href":"https:\/\/bodhiwhispers.be\/fr\/wp-json\/wp\/v2\/users\/1"}],"replies":[{"embeddable":true,"href":"https:\/\/bodhiwhispers.be\/fr\/wp-json\/wp\/v2\/comments?post=23031"}],"version-history":[{"count":0,"href":"https:\/\/bodhiwhispers.be\/fr\/wp-json\/wp\/v2\/pages\/23031\/revisions"}],"wp:attachment":[{"href":"https:\/\/bodhiwhispers.be\/fr\/wp-json\/wp\/v2\/media?parent=23031"}],"curies":[{"name":"wp","href":"https:\/\/api.w.org\/{rel}","templated":true}]}}