{"id":28463,"date":"2024-12-23T19:28:57","date_gmt":"2024-12-23T18:28:57","guid":{"rendered":"https:\/\/bodhiwhispers.be\/newsletter\/"},"modified":"2026-02-17T12:26:03","modified_gmt":"2026-02-17T11:26:03","slug":"newsletter","status":"publish","type":"page","link":"https:\/\/bodhiwhispers.be\/fr\/newsletter\/","title":{"rendered":"Newsletter"},"content":{"rendered":"\t\t<div data-elementor-type=\"wp-page\" data-elementor-id=\"28463\" class=\"elementor elementor-28463 elementor-28460\" data-elementor-post-type=\"page\">\n\t\t\t\t<div class=\"elementor-element elementor-element-f509cc7 e-flex e-con-boxed e-con e-parent\" data-id=\"f509cc7\" data-element_type=\"container\" data-e-type=\"container\">\n\t\t\t\t\t<div class=\"e-con-inner\">\n\t\t\t\t<div class=\"elementor-element elementor-element-7cd0ad2 elementor-widget elementor-widget-spacer\" data-id=\"7cd0ad2\" data-element_type=\"widget\" data-e-type=\"widget\" data-widget_type=\"spacer.default\">\n\t\t\t\t<div class=\"elementor-widget-container\">\n\t\t\t\t\t\t\t<div class=\"elementor-spacer\">\n\t\t\t<div class=\"elementor-spacer-inner\"><\/div>\n\t\t<\/div>\n\t\t\t\t\t\t<\/div>\n\t\t\t\t<\/div>\n\t\t\t\t\t<\/div>\n\t\t\t\t<\/div>\n\t\t<div class=\"elementor-element elementor-element-5ca75e5d e-con-full e-flex e-con e-parent\" data-id=\"5ca75e5d\" data-element_type=\"container\" data-e-type=\"container\" data-settings=\"{&quot;background_background&quot;:&quot;classic&quot;}\">\n\t\t\t\t<div class=\"elementor-element elementor-element-7e0e6edb elementor-widget elementor-widget-heading\" data-id=\"7e0e6edb\" data-element_type=\"widget\" data-e-type=\"widget\" data-widget_type=\"heading.default\">\n\t\t\t\t<div class=\"elementor-widget-container\">\n\t\t\t\t\t<h1 class=\"elementor-heading-title elementor-size-default\">Newsletter<\/h1>\t\t\t\t<\/div>\n\t\t\t\t<\/div>\n\t\t\t\t<div class=\"elementor-element elementor-element-dfabdef elementor-widget elementor-widget-spacer\" data-id=\"dfabdef\" data-element_type=\"widget\" data-e-type=\"widget\" data-widget_type=\"spacer.default\">\n\t\t\t\t<div class=\"elementor-widget-container\">\n\t\t\t\t\t\t\t<div class=\"elementor-spacer\">\n\t\t\t<div class=\"elementor-spacer-inner\"><\/div>\n\t\t<\/div>\n\t\t\t\t\t\t<\/div>\n\t\t\t\t<\/div>\n\t\t\t\t<div class=\"elementor-element elementor-element-45723bf elementor-widget__width-inherit elementor-widget elementor-widget-heading\" data-id=\"45723bf\" data-element_type=\"widget\" data-e-type=\"widget\" data-widget_type=\"heading.default\">\n\t\t\t\t<div class=\"elementor-widget-container\">\n\t\t\t\t\t<h2 class=\"elementor-heading-title elementor-size-default\">La newsletter de Bodhiwhispers vous tiendra au courant de nos offres inspirantes de travail corporel \u00e0 Bruxelles<\/h2>\t\t\t\t<\/div>\n\t\t\t\t<\/div>\n\t\t\t\t<div class=\"elementor-element elementor-element-c563f0 elementor-widget elementor-widget-spacer\" data-id=\"c563f0\" data-element_type=\"widget\" data-e-type=\"widget\" data-widget_type=\"spacer.default\">\n\t\t\t\t<div class=\"elementor-widget-container\">\n\t\t\t\t\t\t\t<div class=\"elementor-spacer\">\n\t\t\t<div class=\"elementor-spacer-inner\"><\/div>\n\t\t<\/div>\n\t\t\t\t\t\t<\/div>\n\t\t\t\t<\/div>\n\t\t\t\t<div class=\"elementor-element elementor-element-aa70c12 elementor-widget elementor-widget-text-editor\" data-id=\"aa70c12\" data-element_type=\"widget\" data-e-type=\"widget\" data-widget_type=\"text-editor.default\">\n\t\t\t\t<div class=\"elementor-widget-container\">\n\t\t\t\t\t\t\t\t\t<p><div class=\"tnp tnp-subscription \">\n<form method=\"post\" action=\"https:\/\/bodhiwhispers.be\/wp-admin\/admin-ajax.php?action=tnp&amp;na=s\">\n<input type=\"hidden\" name=\"nlang\" value=\"fr\">\n<div class=\"tnp-field tnp-field-firstname\"><label for=\"tnp-1\">Pr\u00e9nom :<\/label>\n<input class=\"tnp-name\" type=\"text\" name=\"nn\" id=\"tnp-1\" value=\"\" placeholder=\"\" required><\/div>\n<div class=\"tnp-field tnp-field-surname\"><label for=\"tnp-2\">Nom de famille :<\/label>\n<input class=\"tnp-surname\" type=\"text\" name=\"ns\" id=\"tnp-2\" value=\"\" placeholder=\"\" required><\/div><div class=\"tnp-field tnp-field-email\"><label for=\"tnp-3\">E-mail :<\/label>\n<input class=\"tnp-email\" type=\"email\" name=\"ne\" id=\"tnp-3\" value=\"\" placeholder=\"\" required><\/div>\n<div class=\"tnp-field tnp-field-gender\"><label for=\"tnp-4\">\u00cates-vous &#8230;<\/label>\n<select name=\"nx\" class=\"tnp-gender\" id=\"tnp-gender\" required ><option value=\"\"><\/option><option value=\"n\">Je pr\u00e9f\u00e8re ne pas le dire | Autre<\/option><option value=\"f\">Femme<\/option><option value=\"m\">Homme<\/option><\/select><\/div>\n<div class=\"tnp-field tnp-field-profile\"><label for=\"tnp-5\">Votre \u00e9ventuel message :<\/label>\n<input class=\"tnp-profile tnp-profile-1\" id=\"tnp-profile_1\" type=\"text\" size=\"\" name=\"np1\" placeholder=\"\"><\/div>\n<div class=\"tnp-field tnp-privacy-field\"><label><input type=\"checkbox\" name=\"ny\" required class=\"tnp-privacy\"> <a target=\"_blank\" href=\"https:\/\/bodhiwhispers.be\/privacybeleid\/\">J&#039;accepte la politique de confidentialit\u00e9.<\/a><\/label><\/div><div class=\"tnp-field tnp-field-button\" style=\"text-align: left\"><input class=\"tnp-submit\" type=\"submit\" value=\"S&#039;abonner\" style=\"\">\n<\/div>\n<\/form>\n<\/div>\n<\/p>\t\t\t\t\t\t\t\t<\/div>\n\t\t\t\t<\/div>\n\t\t\t\t<\/div>\n\t\t<div class=\"elementor-element elementor-element-1ba18e5 e-flex e-con-boxed e-con e-parent\" data-id=\"1ba18e5\" data-element_type=\"container\" data-e-type=\"container\">\n\t\t\t\t\t<div class=\"e-con-inner\">\n\t\t\t\t<div class=\"elementor-element elementor-element-7733a23 elementor-widget elementor-widget-spacer\" data-id=\"7733a23\" data-element_type=\"widget\" data-e-type=\"widget\" data-widget_type=\"spacer.default\">\n\t\t\t\t<div class=\"elementor-widget-container\">\n\t\t\t\t\t\t\t<div class=\"elementor-spacer\">\n\t\t\t<div class=\"elementor-spacer-inner\"><\/div>\n\t\t<\/div>\n\t\t\t\t\t\t<\/div>\n\t\t\t\t<\/div>\n\t\t\t\t\t<\/div>\n\t\t\t\t<\/div>\n\t\t\t\t<\/div>\n\t\t","protected":false},"excerpt":{"rendered":"<p>Newsletter La newsletter de Bodhiwhispers vous tiendra au courant de nos offres inspirantes de travail corporel \u00e0 Bruxelles<\/p>\n","protected":false},"author":1,"featured_media":28466,"parent":0,"menu_order":0,"comment_status":"closed","ping_status":"closed","template":"","meta":{"footnotes":""},"class_list":["post-28463","page","type-page","status-publish","has-post-thumbnail","hentry"],"yoast_head":"<!-- This site is optimized with the Yoast SEO plugin v27.6 - https:\/\/yoast.com\/product\/yoast-seo-wordpress\/ -->\n<title>Newsletter | Bodhiwhispers<\/title>\n<meta name=\"description\" content=\"Abonnez-vous \u00e0 la newsletter de Bodhiwhispers et restez inform\u00e9 de nos offres inspirantes de travail corporel \u00e9nerg\u00e9tique \u00e0 Bruxelles.\" \/>\n<meta name=\"robots\" content=\"index, follow, max-snippet:-1, max-image-preview:large, max-video-preview:-1\" \/>\n<link rel=\"canonical\" href=\"https:\/\/bodhiwhispers.be\/fr\/newsletter\/\" \/>\n<meta property=\"og:locale\" content=\"fr_FR\" \/>\n<meta property=\"og:type\" content=\"article\" \/>\n<meta property=\"og:title\" content=\"Newsletter | Bodhiwhispers\" \/>\n<meta property=\"og:description\" content=\"Abonnez-vous \u00e0 la newsletter de Bodhiwhispers et restez inform\u00e9 de nos offres inspirantes de travail corporel \u00e9nerg\u00e9tique \u00e0 Bruxelles.\" \/>\n<meta property=\"og:url\" content=\"https:\/\/bodhiwhispers.be\/fr\/newsletter\/\" \/>\n<meta property=\"og:site_name\" content=\"Bodhiwhispers\" \/>\n<meta property=\"article:modified_time\" content=\"2026-02-17T11:26:03+00:00\" \/>\n<meta property=\"og:image\" content=\"https:\/\/bodhiwhispers.be\/wp-content\/uploads\/2024\/12\/dandelion-1024x678.jpg\" \/>\n<meta name=\"twitter:card\" content=\"summary_large_image\" \/>\n<meta name=\"twitter:label1\" content=\"Dur\u00e9e de lecture estim\u00e9e\" \/>\n\t<meta name=\"twitter:data1\" content=\"1 minute\" \/>\n<script type=\"application\/ld+json\" class=\"yoast-schema-graph\">{\"@context\":\"https:\\\/\\\/schema.org\",\"@graph\":[{\"@type\":\"WebPage\",\"@id\":\"https:\\\/\\\/bodhiwhispers.be\\\/fr\\\/newsletter\\\/\",\"url\":\"https:\\\/\\\/bodhiwhispers.be\\\/fr\\\/newsletter\\\/\",\"name\":\"Newsletter | Bodhiwhispers\",\"isPartOf\":{\"@id\":\"https:\\\/\\\/bodhiwhispers.be\\\/fr\\\/#website\"},\"primaryImageOfPage\":{\"@id\":\"https:\\\/\\\/bodhiwhispers.be\\\/fr\\\/newsletter\\\/#primaryimage\"},\"image\":{\"@id\":\"https:\\\/\\\/bodhiwhispers.be\\\/fr\\\/newsletter\\\/#primaryimage\"},\"thumbnailUrl\":\"https:\\\/\\\/bodhiwhispers.be\\\/wp-content\\\/uploads\\\/2024\\\/12\\\/dandelion.jpg\",\"datePublished\":\"2024-12-23T18:28:57+00:00\",\"dateModified\":\"2026-02-17T11:26:03+00:00\",\"description\":\"Abonnez-vous \u00e0 la newsletter de Bodhiwhispers et restez inform\u00e9 de nos offres inspirantes de travail corporel \u00e9nerg\u00e9tique \u00e0 Bruxelles.\",\"breadcrumb\":{\"@id\":\"https:\\\/\\\/bodhiwhispers.be\\\/fr\\\/newsletter\\\/#breadcrumb\"},\"inLanguage\":\"fr-FR\",\"potentialAction\":[{\"@type\":\"ReadAction\",\"target\":[\"https:\\\/\\\/bodhiwhispers.be\\\/fr\\\/newsletter\\\/\"]}]},{\"@type\":\"ImageObject\",\"inLanguage\":\"fr-FR\",\"@id\":\"https:\\\/\\\/bodhiwhispers.be\\\/fr\\\/newsletter\\\/#primaryimage\",\"url\":\"https:\\\/\\\/bodhiwhispers.be\\\/wp-content\\\/uploads\\\/2024\\\/12\\\/dandelion.jpg\",\"contentUrl\":\"https:\\\/\\\/bodhiwhispers.be\\\/wp-content\\\/uploads\\\/2024\\\/12\\\/dandelion.jpg\",\"width\":1280,\"height\":848,\"caption\":\"dandelion\"},{\"@type\":\"BreadcrumbList\",\"@id\":\"https:\\\/\\\/bodhiwhispers.be\\\/fr\\\/newsletter\\\/#breadcrumb\",\"itemListElement\":[{\"@type\":\"ListItem\",\"position\":1,\"name\":\"Home\",\"item\":\"https:\\\/\\\/bodhiwhispers.be\\\/fr\\\/\"},{\"@type\":\"ListItem\",\"position\":2,\"name\":\"Newsletter\"}]},{\"@type\":\"WebSite\",\"@id\":\"https:\\\/\\\/bodhiwhispers.be\\\/fr\\\/#website\",\"url\":\"https:\\\/\\\/bodhiwhispers.be\\\/fr\\\/\",\"name\":\"Bodhiwhispers\",\"description\":\"Cabinet de travail corporel \u00e9nerg\u00e9tique \u00e0 Bruxelles\",\"publisher\":{\"@id\":\"https:\\\/\\\/bodhiwhispers.be\\\/fr\\\/#organization\"},\"alternateName\":\"Bispers\",\"potentialAction\":[{\"@type\":\"SearchAction\",\"target\":{\"@type\":\"EntryPoint\",\"urlTemplate\":\"https:\\\/\\\/bodhiwhispers.be\\\/fr\\\/?s={search_term_string}\"},\"query-input\":{\"@type\":\"PropertyValueSpecification\",\"valueRequired\":true,\"valueName\":\"search_term_string\"}}],\"inLanguage\":\"fr-FR\"},{\"@type\":\"Organization\",\"@id\":\"https:\\\/\\\/bodhiwhispers.be\\\/fr\\\/#organization\",\"name\":\"Bodhiwhispers\",\"url\":\"https:\\\/\\\/bodhiwhispers.be\\\/fr\\\/\",\"logo\":{\"@type\":\"ImageObject\",\"inLanguage\":\"fr-FR\",\"@id\":\"https:\\\/\\\/bodhiwhispers.be\\\/fr\\\/#\\\/schema\\\/logo\\\/image\\\/\",\"url\":\"https:\\\/\\\/bodhiwhispers.be\\\/wp-content\\\/uploads\\\/2025\\\/02\\\/bodhiwhispers-site-icon-search-engines-v3.ico\",\"contentUrl\":\"https:\\\/\\\/bodhiwhispers.be\\\/wp-content\\\/uploads\\\/2025\\\/02\\\/bodhiwhispers-site-icon-search-engines-v3.ico\",\"width\":696,\"height\":696,\"caption\":\"Bodhiwhispers\"},\"image\":{\"@id\":\"https:\\\/\\\/bodhiwhispers.be\\\/fr\\\/#\\\/schema\\\/logo\\\/image\\\/\"}}]}<\/script>\n<!-- \/ Yoast SEO plugin. -->","yoast_head_json":{"title":"Newsletter | Bodhiwhispers","description":"Abonnez-vous \u00e0 la newsletter de Bodhiwhispers et restez inform\u00e9 de nos offres inspirantes de travail corporel \u00e9nerg\u00e9tique \u00e0 Bruxelles.","robots":{"index":"index","follow":"follow","max-snippet":"max-snippet:-1","max-image-preview":"max-image-preview:large","max-video-preview":"max-video-preview:-1"},"canonical":"https:\/\/bodhiwhispers.be\/fr\/newsletter\/","og_locale":"fr_FR","og_type":"article","og_title":"Newsletter | Bodhiwhispers","og_description":"Abonnez-vous \u00e0 la newsletter de Bodhiwhispers et restez inform\u00e9 de nos offres inspirantes de travail corporel \u00e9nerg\u00e9tique \u00e0 Bruxelles.","og_url":"https:\/\/bodhiwhispers.be\/fr\/newsletter\/","og_site_name":"Bodhiwhispers","article_modified_time":"2026-02-17T11:26:03+00:00","og_image":[{"url":"https:\/\/bodhiwhispers.be\/wp-content\/uploads\/2024\/12\/dandelion-1024x678.jpg","type":"","width":"","height":""}],"twitter_card":"summary_large_image","twitter_misc":{"Dur\u00e9e de lecture estim\u00e9e":"1 minute"},"schema":{"@context":"https:\/\/schema.org","@graph":[{"@type":"WebPage","@id":"https:\/\/bodhiwhispers.be\/fr\/newsletter\/","url":"https:\/\/bodhiwhispers.be\/fr\/newsletter\/","name":"Newsletter | Bodhiwhispers","isPartOf":{"@id":"https:\/\/bodhiwhispers.be\/fr\/#website"},"primaryImageOfPage":{"@id":"https:\/\/bodhiwhispers.be\/fr\/newsletter\/#primaryimage"},"image":{"@id":"https:\/\/bodhiwhispers.be\/fr\/newsletter\/#primaryimage"},"thumbnailUrl":"https:\/\/bodhiwhispers.be\/wp-content\/uploads\/2024\/12\/dandelion.jpg","datePublished":"2024-12-23T18:28:57+00:00","dateModified":"2026-02-17T11:26:03+00:00","description":"Abonnez-vous \u00e0 la newsletter de Bodhiwhispers et restez inform\u00e9 de nos offres inspirantes de travail corporel \u00e9nerg\u00e9tique \u00e0 Bruxelles.","breadcrumb":{"@id":"https:\/\/bodhiwhispers.be\/fr\/newsletter\/#breadcrumb"},"inLanguage":"fr-FR","potentialAction":[{"@type":"ReadAction","target":["https:\/\/bodhiwhispers.be\/fr\/newsletter\/"]}]},{"@type":"ImageObject","inLanguage":"fr-FR","@id":"https:\/\/bodhiwhispers.be\/fr\/newsletter\/#primaryimage","url":"https:\/\/bodhiwhispers.be\/wp-content\/uploads\/2024\/12\/dandelion.jpg","contentUrl":"https:\/\/bodhiwhispers.be\/wp-content\/uploads\/2024\/12\/dandelion.jpg","width":1280,"height":848,"caption":"dandelion"},{"@type":"BreadcrumbList","@id":"https:\/\/bodhiwhispers.be\/fr\/newsletter\/#breadcrumb","itemListElement":[{"@type":"ListItem","position":1,"name":"Home","item":"https:\/\/bodhiwhispers.be\/fr\/"},{"@type":"ListItem","position":2,"name":"Newsletter"}]},{"@type":"WebSite","@id":"https:\/\/bodhiwhispers.be\/fr\/#website","url":"https:\/\/bodhiwhispers.be\/fr\/","name":"Bodhiwhispers","description":"Cabinet de travail corporel \u00e9nerg\u00e9tique \u00e0 Bruxelles","publisher":{"@id":"https:\/\/bodhiwhispers.be\/fr\/#organization"},"alternateName":"Bispers","potentialAction":[{"@type":"SearchAction","target":{"@type":"EntryPoint","urlTemplate":"https:\/\/bodhiwhispers.be\/fr\/?s={search_term_string}"},"query-input":{"@type":"PropertyValueSpecification","valueRequired":true,"valueName":"search_term_string"}}],"inLanguage":"fr-FR"},{"@type":"Organization","@id":"https:\/\/bodhiwhispers.be\/fr\/#organization","name":"Bodhiwhispers","url":"https:\/\/bodhiwhispers.be\/fr\/","logo":{"@type":"ImageObject","inLanguage":"fr-FR","@id":"https:\/\/bodhiwhispers.be\/fr\/#\/schema\/logo\/image\/","url":"https:\/\/bodhiwhispers.be\/wp-content\/uploads\/2025\/02\/bodhiwhispers-site-icon-search-engines-v3.ico","contentUrl":"https:\/\/bodhiwhispers.be\/wp-content\/uploads\/2025\/02\/bodhiwhispers-site-icon-search-engines-v3.ico","width":696,"height":696,"caption":"Bodhiwhispers"},"image":{"@id":"https:\/\/bodhiwhispers.be\/fr\/#\/schema\/logo\/image\/"}}]}},"_links":{"self":[{"href":"https:\/\/bodhiwhispers.be\/fr\/wp-json\/wp\/v2\/pages\/28463","targetHints":{"allow":["GET"]}}],"collection":[{"href":"https:\/\/bodhiwhispers.be\/fr\/wp-json\/wp\/v2\/pages"}],"about":[{"href":"https:\/\/bodhiwhispers.be\/fr\/wp-json\/wp\/v2\/types\/page"}],"author":[{"embeddable":true,"href":"https:\/\/bodhiwhispers.be\/fr\/wp-json\/wp\/v2\/users\/1"}],"replies":[{"embeddable":true,"href":"https:\/\/bodhiwhispers.be\/fr\/wp-json\/wp\/v2\/comments?post=28463"}],"version-history":[{"count":4,"href":"https:\/\/bodhiwhispers.be\/fr\/wp-json\/wp\/v2\/pages\/28463\/revisions"}],"predecessor-version":[{"id":42348,"href":"https:\/\/bodhiwhispers.be\/fr\/wp-json\/wp\/v2\/pages\/28463\/revisions\/42348"}],"wp:featuredmedia":[{"embeddable":true,"href":"https:\/\/bodhiwhispers.be\/fr\/wp-json\/wp\/v2\/media\/28466"}],"wp:attachment":[{"href":"https:\/\/bodhiwhispers.be\/fr\/wp-json\/wp\/v2\/media?parent=28463"}],"curies":[{"name":"wp","href":"https:\/\/api.w.org\/{rel}","templated":true}]}}