{"id":31836,"date":"2025-05-07T11:12:21","date_gmt":"2025-05-07T09:12:21","guid":{"rendered":"https:\/\/bodhiwhispers.be\/cercles-de-shiatsu-et-reiki\/"},"modified":"2026-04-08T11:38:04","modified_gmt":"2026-04-08T09:38:04","slug":"cercle-shiatsu-reiki-bruxelles","status":"publish","type":"page","link":"https:\/\/bodhiwhispers.be\/fr\/cercle-shiatsu-reiki-bruxelles\/","title":{"rendered":"Cercle de Shiatsu et Reiki Bruxelles"},"content":{"rendered":"\t\t<div data-elementor-type=\"wp-page\" data-elementor-id=\"31836\" class=\"elementor elementor-31836 elementor-31766\" data-elementor-post-type=\"page\">\n\t\t\t\t<div class=\"elementor-element elementor-element-0e45c6d e-flex e-con-boxed e-con e-parent\" data-id=\"0e45c6d\" data-element_type=\"container\" data-e-type=\"container\">\n\t\t\t\t\t<div class=\"e-con-inner\">\n\t\t\t\t<div class=\"elementor-element elementor-element-3dda370 elementor-widget elementor-widget-spacer\" data-id=\"3dda370\" data-element_type=\"widget\" data-e-type=\"widget\" data-widget_type=\"spacer.default\">\n\t\t\t\t<div class=\"elementor-widget-container\">\n\t\t\t\t\t\t\t<div class=\"elementor-spacer\">\n\t\t\t<div class=\"elementor-spacer-inner\"><\/div>\n\t\t<\/div>\n\t\t\t\t\t\t<\/div>\n\t\t\t\t<\/div>\n\t\t<div class=\"elementor-element elementor-element-5991bc2 e-con-full e-flex e-con e-child\" data-id=\"5991bc2\" data-element_type=\"container\" data-e-type=\"container\" data-settings=\"{&quot;background_background&quot;:&quot;classic&quot;}\">\n\t\t<div class=\"elementor-element elementor-element-361229b e-con-full e-flex e-con e-child\" data-id=\"361229b\" data-element_type=\"container\" data-e-type=\"container\" data-settings=\"{&quot;background_background&quot;:&quot;classic&quot;}\">\n\t\t\t\t<div class=\"elementor-element elementor-element-329bf3f elementor-widget-mobile_extra__width-initial e-transform elementor-widget-tablet_extra__width-initial elementor-widget elementor-widget-image\" data-id=\"329bf3f\" data-element_type=\"widget\" data-e-type=\"widget\" data-settings=\"{&quot;_transform_skewX_effect_tablet_extra&quot;:{&quot;unit&quot;:&quot;deg&quot;,&quot;size&quot;:0,&quot;sizes&quot;:[]},&quot;_transform_skewX_effect&quot;:{&quot;unit&quot;:&quot;px&quot;,&quot;size&quot;:&quot;&quot;,&quot;sizes&quot;:[]},&quot;_transform_skewX_effect_widescreen&quot;:{&quot;unit&quot;:&quot;deg&quot;,&quot;size&quot;:&quot;&quot;,&quot;sizes&quot;:[]},&quot;_transform_skewX_effect_laptop&quot;:{&quot;unit&quot;:&quot;deg&quot;,&quot;size&quot;:&quot;&quot;,&quot;sizes&quot;:[]},&quot;_transform_skewX_effect_tablet&quot;:{&quot;unit&quot;:&quot;deg&quot;,&quot;size&quot;:&quot;&quot;,&quot;sizes&quot;:[]},&quot;_transform_skewX_effect_mobile_extra&quot;:{&quot;unit&quot;:&quot;deg&quot;,&quot;size&quot;:&quot;&quot;,&quot;sizes&quot;:[]},&quot;_transform_skewX_effect_mobile&quot;:{&quot;unit&quot;:&quot;deg&quot;,&quot;size&quot;:&quot;&quot;,&quot;sizes&quot;:[]},&quot;_transform_skewY_effect&quot;:{&quot;unit&quot;:&quot;px&quot;,&quot;size&quot;:&quot;&quot;,&quot;sizes&quot;:[]},&quot;_transform_skewY_effect_widescreen&quot;:{&quot;unit&quot;:&quot;deg&quot;,&quot;size&quot;:&quot;&quot;,&quot;sizes&quot;:[]},&quot;_transform_skewY_effect_laptop&quot;:{&quot;unit&quot;:&quot;deg&quot;,&quot;size&quot;:&quot;&quot;,&quot;sizes&quot;:[]},&quot;_transform_skewY_effect_tablet_extra&quot;:{&quot;unit&quot;:&quot;deg&quot;,&quot;size&quot;:&quot;&quot;,&quot;sizes&quot;:[]},&quot;_transform_skewY_effect_tablet&quot;:{&quot;unit&quot;:&quot;deg&quot;,&quot;size&quot;:&quot;&quot;,&quot;sizes&quot;:[]},&quot;_transform_skewY_effect_mobile_extra&quot;:{&quot;unit&quot;:&quot;deg&quot;,&quot;size&quot;:&quot;&quot;,&quot;sizes&quot;:[]},&quot;_transform_skewY_effect_mobile&quot;:{&quot;unit&quot;:&quot;deg&quot;,&quot;size&quot;:&quot;&quot;,&quot;sizes&quot;:[]}}\" data-widget_type=\"image.default\">\n\t\t\t\t<div class=\"elementor-widget-container\">\n\t\t\t\t\t\t\t\t\t\t\t\t\t\t\t<img fetchpriority=\"high\" decoding=\"async\" width=\"848\" height=\"1280\" src=\"https:\/\/bodhiwhispers.be\/wp-content\/uploads\/2025\/09\/shiatsu-and-reiki-circle.jpg\" class=\"attachment-full size-full wp-image-38403\" alt=\"Reiki circle and energetic exchange in Ixelles, Brussels.\" srcset=\"https:\/\/bodhiwhispers.be\/wp-content\/uploads\/2025\/09\/shiatsu-and-reiki-circle.jpg 848w, https:\/\/bodhiwhispers.be\/wp-content\/uploads\/2025\/09\/shiatsu-and-reiki-circle-199x300.jpg 199w, https:\/\/bodhiwhispers.be\/wp-content\/uploads\/2025\/09\/shiatsu-and-reiki-circle-678x1024.jpg 678w, https:\/\/bodhiwhispers.be\/wp-content\/uploads\/2025\/09\/shiatsu-and-reiki-circle-768x1159.jpg 768w\" sizes=\"(max-width: 848px) 100vw, 848px\" \/>\t\t\t\t\t\t\t\t\t\t\t\t\t\t\t<\/div>\n\t\t\t\t<\/div>\n\t\t\t\t<\/div>\n\t\t<div class=\"elementor-element elementor-element-311a2eb e-con-full e-flex e-con e-child\" data-id=\"311a2eb\" data-element_type=\"container\" data-e-type=\"container\">\n\t\t\t\t<div class=\"elementor-element elementor-element-7eb4f7a3 elementor-widget elementor-widget-heading\" data-id=\"7eb4f7a3\" data-element_type=\"widget\" data-e-type=\"widget\" data-widget_type=\"heading.default\">\n\t\t\t\t<div class=\"elementor-widget-container\">\n\t\t\t\t\t<h1 class=\"elementor-heading-title elementor-size-default\">Cercle de Shiatsu &amp; de Reiki<\/h1>\t\t\t\t<\/div>\n\t\t\t\t<\/div>\n\t\t\t\t<div class=\"elementor-element elementor-element-5ecc724d elementor-widget elementor-widget-spacer\" data-id=\"5ecc724d\" data-element_type=\"widget\" data-e-type=\"widget\" data-widget_type=\"spacer.default\">\n\t\t\t\t<div class=\"elementor-widget-container\">\n\t\t\t\t\t\t\t<div class=\"elementor-spacer\">\n\t\t\t<div class=\"elementor-spacer-inner\"><\/div>\n\t\t<\/div>\n\t\t\t\t\t\t<\/div>\n\t\t\t\t<\/div>\n\t\t\t\t<div class=\"elementor-element elementor-element-9670049 elementor-widget elementor-widget-heading\" data-id=\"9670049\" data-element_type=\"widget\" data-e-type=\"widget\" data-widget_type=\"heading.default\">\n\t\t\t\t<div class=\"elementor-widget-container\">\n\t\t\t\t\t<h2 class=\"elementor-heading-title elementor-size-default\">Renforcez votre pratique, connectez-vous \u00e0 vos coll\u00e8gues.<\/h2>\t\t\t\t<\/div>\n\t\t\t\t<\/div>\n\t\t\t\t<div class=\"elementor-element elementor-element-1f1e347f elementor-widget elementor-widget-spacer\" data-id=\"1f1e347f\" data-element_type=\"widget\" data-e-type=\"widget\" data-widget_type=\"spacer.default\">\n\t\t\t\t<div class=\"elementor-widget-container\">\n\t\t\t\t\t\t\t<div class=\"elementor-spacer\">\n\t\t\t<div class=\"elementor-spacer-inner\"><\/div>\n\t\t<\/div>\n\t\t\t\t\t\t<\/div>\n\t\t\t\t<\/div>\n\t\t\t\t<div class=\"elementor-element elementor-element-498cbd79 elementor-widget elementor-widget-text-editor\" data-id=\"498cbd79\" data-element_type=\"widget\" data-e-type=\"widget\" data-widget_type=\"text-editor.default\">\n\t\t\t\t<div class=\"elementor-widget-container\">\n\t\t\t\t\t\t\t\t\t<p>\u00cates-vous un praticien professionnel de Shiatsu ou de Reiki dans la r\u00e9gion de Bruxelles ? <\/p><p>Chez Bodhiwhispers, nous croyons au pouvoir de la collaboration. Nous organisons des rencontres r\u00e9guli\u00e8res pour former une communaut\u00e9 soud\u00e9e. Notre cercle est l&rsquo;endroit id\u00e9al pour <strong>partager des exp\u00e9riences<\/strong>, <strong>renforcer votre r\u00e9seau<\/strong> et cr\u00e9er un <strong>&lsquo;champ de soutien&rsquo;<\/strong> collectif o\u00f9 chacun se sent vu et soutenu.  <\/p><p>Int\u00e9ress\u00e9 ? <a href=\"https:\/\/bodhiwhispers.be\/fr\/contact-et-politique-de-service\/\"><span style=\"text-decoration: underline; color: #747c7d;\">Envoyez-moi un message<\/span><\/a> et je vous ferai savoir quand aura lieu la prochaine rencontre !<\/p>\t\t\t\t\t\t\t\t<\/div>\n\t\t\t\t<\/div>\n\t\t\t\t<\/div>\n\t\t\t\t<\/div>\n\t\t\t\t<div class=\"elementor-element elementor-element-ad9fc05 elementor-widget elementor-widget-spacer\" data-id=\"ad9fc05\" data-element_type=\"widget\" data-e-type=\"widget\" data-widget_type=\"spacer.default\">\n\t\t\t\t<div class=\"elementor-widget-container\">\n\t\t\t\t\t\t\t<div class=\"elementor-spacer\">\n\t\t\t<div class=\"elementor-spacer-inner\"><\/div>\n\t\t<\/div>\n\t\t\t\t\t\t<\/div>\n\t\t\t\t<\/div>\n\t\t\t\t\t<\/div>\n\t\t\t\t<\/div>\n\t\t\t\t<\/div>\n\t\t","protected":false},"excerpt":{"rendered":"<p>Cercle de Shiatsu &amp; de Reiki Renforcez votre pratique, connectez-vous \u00e0 vos coll\u00e8gues. \u00cates-vous un praticien professionnel de Shiatsu ou de Reiki dans la r\u00e9gion de Bruxelles ? Chez Bodhiwhispers, nous croyons au pouvoir de la collaboration. Nous organisons des rencontres r\u00e9guli\u00e8res pour former une communaut\u00e9 soud\u00e9e. Notre cercle est l&rsquo;endroit id\u00e9al pour partager des [&hellip;]<\/p>\n","protected":false},"author":1,"featured_media":38403,"parent":0,"menu_order":0,"comment_status":"closed","ping_status":"closed","template":"","meta":{"footnotes":""},"class_list":["post-31836","page","type-page","status-publish","has-post-thumbnail","hentry"],"yoast_head":"<!-- This site is optimized with the Yoast SEO plugin v27.6 - https:\/\/yoast.com\/product\/yoast-seo-wordpress\/ -->\n<title>Cercle de Shiatsu et Reiki Bruxelles | Bodhiwhispers<\/title>\n<meta name=\"description\" content=\"Rejoignez notre cercle de Shiatsu &amp; Reiki \u00e0 Bruxelles. Un espace d&#039;\u00e9change pour les professionnels afin de partager des exp\u00e9riences, renforcer votre r\u00e9seau et \u00e9voluer ensemble.\" \/>\n<meta name=\"robots\" content=\"index, follow, max-snippet:-1, max-image-preview:large, max-video-preview:-1\" \/>\n<link rel=\"canonical\" href=\"https:\/\/bodhiwhispers.be\/fr\/cercle-shiatsu-reiki-bruxelles\/\" \/>\n<meta property=\"og:locale\" content=\"fr_FR\" \/>\n<meta property=\"og:type\" content=\"article\" \/>\n<meta property=\"og:title\" content=\"Cercle de Shiatsu et Reiki Bruxelles | Bodhiwhispers\" \/>\n<meta property=\"og:description\" content=\"Rejoignez notre cercle de Shiatsu &amp; Reiki \u00e0 Bruxelles. Un espace d&#039;\u00e9change pour les professionnels afin de partager des exp\u00e9riences, renforcer votre r\u00e9seau et \u00e9voluer ensemble.\" \/>\n<meta property=\"og:url\" content=\"https:\/\/bodhiwhispers.be\/fr\/cercle-shiatsu-reiki-bruxelles\/\" \/>\n<meta property=\"og:site_name\" content=\"Bodhiwhispers\" \/>\n<meta property=\"article:modified_time\" content=\"2026-04-08T09:38:04+00:00\" \/>\n<meta property=\"og:image\" content=\"https:\/\/bodhiwhispers.be\/wp-content\/uploads\/2024\/02\/bodhiwhispers-bodhi-tree-leaves-nature-sacred.jpg\" \/>\n\t<meta property=\"og:image:width\" content=\"1280\" \/>\n\t<meta property=\"og:image:height\" content=\"853\" \/>\n\t<meta property=\"og:image:type\" content=\"image\/jpeg\" \/>\n<meta name=\"twitter:card\" content=\"summary_large_image\" \/>\n<meta name=\"twitter:label1\" content=\"Dur\u00e9e de lecture estim\u00e9e\" \/>\n\t<meta name=\"twitter:data1\" content=\"1 minute\" \/>\n<script type=\"application\/ld+json\" class=\"yoast-schema-graph\">{\"@context\":\"https:\\\/\\\/schema.org\",\"@graph\":[{\"@type\":\"WebPage\",\"@id\":\"https:\\\/\\\/bodhiwhispers.be\\\/fr\\\/cercle-shiatsu-reiki-bruxelles\\\/\",\"url\":\"https:\\\/\\\/bodhiwhispers.be\\\/fr\\\/cercle-shiatsu-reiki-bruxelles\\\/\",\"name\":\"Cercle de Shiatsu et Reiki Bruxelles | Bodhiwhispers\",\"isPartOf\":{\"@id\":\"https:\\\/\\\/bodhiwhispers.be\\\/fr\\\/#website\"},\"primaryImageOfPage\":{\"@id\":\"https:\\\/\\\/bodhiwhispers.be\\\/fr\\\/cercle-shiatsu-reiki-bruxelles\\\/#primaryimage\"},\"image\":{\"@id\":\"https:\\\/\\\/bodhiwhispers.be\\\/fr\\\/cercle-shiatsu-reiki-bruxelles\\\/#primaryimage\"},\"thumbnailUrl\":\"https:\\\/\\\/bodhiwhispers.be\\\/wp-content\\\/uploads\\\/2025\\\/09\\\/shiatsu-and-reiki-circle.jpg\",\"datePublished\":\"2025-05-07T09:12:21+00:00\",\"dateModified\":\"2026-04-08T09:38:04+00:00\",\"description\":\"Rejoignez notre cercle de Shiatsu & Reiki \u00e0 Bruxelles. Un espace d'\u00e9change pour les professionnels afin de partager des exp\u00e9riences, renforcer votre r\u00e9seau et \u00e9voluer ensemble.\",\"breadcrumb\":{\"@id\":\"https:\\\/\\\/bodhiwhispers.be\\\/fr\\\/cercle-shiatsu-reiki-bruxelles\\\/#breadcrumb\"},\"inLanguage\":\"fr-FR\",\"potentialAction\":[{\"@type\":\"ReadAction\",\"target\":[\"https:\\\/\\\/bodhiwhispers.be\\\/fr\\\/cercle-shiatsu-reiki-bruxelles\\\/\"]}]},{\"@type\":\"ImageObject\",\"inLanguage\":\"fr-FR\",\"@id\":\"https:\\\/\\\/bodhiwhispers.be\\\/fr\\\/cercle-shiatsu-reiki-bruxelles\\\/#primaryimage\",\"url\":\"https:\\\/\\\/bodhiwhispers.be\\\/wp-content\\\/uploads\\\/2025\\\/09\\\/shiatsu-and-reiki-circle.jpg\",\"contentUrl\":\"https:\\\/\\\/bodhiwhispers.be\\\/wp-content\\\/uploads\\\/2025\\\/09\\\/shiatsu-and-reiki-circle.jpg\",\"width\":848,\"height\":1280,\"caption\":\"Reiki circle and energetic exchange in Ixelles, Brussels.\"},{\"@type\":\"BreadcrumbList\",\"@id\":\"https:\\\/\\\/bodhiwhispers.be\\\/fr\\\/cercle-shiatsu-reiki-bruxelles\\\/#breadcrumb\",\"itemListElement\":[{\"@type\":\"ListItem\",\"position\":1,\"name\":\"Home\",\"item\":\"https:\\\/\\\/bodhiwhispers.be\\\/fr\\\/\"},{\"@type\":\"ListItem\",\"position\":2,\"name\":\"Cercle de Shiatsu et Reiki Bruxelles\"}]},{\"@type\":\"WebSite\",\"@id\":\"https:\\\/\\\/bodhiwhispers.be\\\/fr\\\/#website\",\"url\":\"https:\\\/\\\/bodhiwhispers.be\\\/fr\\\/\",\"name\":\"Bodhiwhispers\",\"description\":\"Cabinet de travail corporel \u00e9nerg\u00e9tique \u00e0 Bruxelles\",\"publisher\":{\"@id\":\"https:\\\/\\\/bodhiwhispers.be\\\/fr\\\/#organization\"},\"alternateName\":\"Bispers\",\"potentialAction\":[{\"@type\":\"SearchAction\",\"target\":{\"@type\":\"EntryPoint\",\"urlTemplate\":\"https:\\\/\\\/bodhiwhispers.be\\\/fr\\\/?s={search_term_string}\"},\"query-input\":{\"@type\":\"PropertyValueSpecification\",\"valueRequired\":true,\"valueName\":\"search_term_string\"}}],\"inLanguage\":\"fr-FR\"},{\"@type\":\"Organization\",\"@id\":\"https:\\\/\\\/bodhiwhispers.be\\\/fr\\\/#organization\",\"name\":\"Bodhiwhispers\",\"url\":\"https:\\\/\\\/bodhiwhispers.be\\\/fr\\\/\",\"logo\":{\"@type\":\"ImageObject\",\"inLanguage\":\"fr-FR\",\"@id\":\"https:\\\/\\\/bodhiwhispers.be\\\/fr\\\/#\\\/schema\\\/logo\\\/image\\\/\",\"url\":\"https:\\\/\\\/bodhiwhispers.be\\\/wp-content\\\/uploads\\\/2025\\\/02\\\/bodhiwhispers-site-icon-search-engines-v3.ico\",\"contentUrl\":\"https:\\\/\\\/bodhiwhispers.be\\\/wp-content\\\/uploads\\\/2025\\\/02\\\/bodhiwhispers-site-icon-search-engines-v3.ico\",\"width\":696,\"height\":696,\"caption\":\"Bodhiwhispers\"},\"image\":{\"@id\":\"https:\\\/\\\/bodhiwhispers.be\\\/fr\\\/#\\\/schema\\\/logo\\\/image\\\/\"}}]}<\/script>\n<!-- \/ Yoast SEO plugin. -->","yoast_head_json":{"title":"Cercle de Shiatsu et Reiki Bruxelles | Bodhiwhispers","description":"Rejoignez notre cercle de Shiatsu & Reiki \u00e0 Bruxelles. Un espace d'\u00e9change pour les professionnels afin de partager des exp\u00e9riences, renforcer votre r\u00e9seau et \u00e9voluer ensemble.","robots":{"index":"index","follow":"follow","max-snippet":"max-snippet:-1","max-image-preview":"max-image-preview:large","max-video-preview":"max-video-preview:-1"},"canonical":"https:\/\/bodhiwhispers.be\/fr\/cercle-shiatsu-reiki-bruxelles\/","og_locale":"fr_FR","og_type":"article","og_title":"Cercle de Shiatsu et Reiki Bruxelles | Bodhiwhispers","og_description":"Rejoignez notre cercle de Shiatsu & Reiki \u00e0 Bruxelles. Un espace d'\u00e9change pour les professionnels afin de partager des exp\u00e9riences, renforcer votre r\u00e9seau et \u00e9voluer ensemble.","og_url":"https:\/\/bodhiwhispers.be\/fr\/cercle-shiatsu-reiki-bruxelles\/","og_site_name":"Bodhiwhispers","article_modified_time":"2026-04-08T09:38:04+00:00","og_image":[{"width":1280,"height":853,"url":"https:\/\/bodhiwhispers.be\/wp-content\/uploads\/2024\/02\/bodhiwhispers-bodhi-tree-leaves-nature-sacred.jpg","type":"image\/jpeg"}],"twitter_card":"summary_large_image","twitter_misc":{"Dur\u00e9e de lecture estim\u00e9e":"1 minute"},"schema":{"@context":"https:\/\/schema.org","@graph":[{"@type":"WebPage","@id":"https:\/\/bodhiwhispers.be\/fr\/cercle-shiatsu-reiki-bruxelles\/","url":"https:\/\/bodhiwhispers.be\/fr\/cercle-shiatsu-reiki-bruxelles\/","name":"Cercle de Shiatsu et Reiki Bruxelles | Bodhiwhispers","isPartOf":{"@id":"https:\/\/bodhiwhispers.be\/fr\/#website"},"primaryImageOfPage":{"@id":"https:\/\/bodhiwhispers.be\/fr\/cercle-shiatsu-reiki-bruxelles\/#primaryimage"},"image":{"@id":"https:\/\/bodhiwhispers.be\/fr\/cercle-shiatsu-reiki-bruxelles\/#primaryimage"},"thumbnailUrl":"https:\/\/bodhiwhispers.be\/wp-content\/uploads\/2025\/09\/shiatsu-and-reiki-circle.jpg","datePublished":"2025-05-07T09:12:21+00:00","dateModified":"2026-04-08T09:38:04+00:00","description":"Rejoignez notre cercle de Shiatsu & Reiki \u00e0 Bruxelles. Un espace d'\u00e9change pour les professionnels afin de partager des exp\u00e9riences, renforcer votre r\u00e9seau et \u00e9voluer ensemble.","breadcrumb":{"@id":"https:\/\/bodhiwhispers.be\/fr\/cercle-shiatsu-reiki-bruxelles\/#breadcrumb"},"inLanguage":"fr-FR","potentialAction":[{"@type":"ReadAction","target":["https:\/\/bodhiwhispers.be\/fr\/cercle-shiatsu-reiki-bruxelles\/"]}]},{"@type":"ImageObject","inLanguage":"fr-FR","@id":"https:\/\/bodhiwhispers.be\/fr\/cercle-shiatsu-reiki-bruxelles\/#primaryimage","url":"https:\/\/bodhiwhispers.be\/wp-content\/uploads\/2025\/09\/shiatsu-and-reiki-circle.jpg","contentUrl":"https:\/\/bodhiwhispers.be\/wp-content\/uploads\/2025\/09\/shiatsu-and-reiki-circle.jpg","width":848,"height":1280,"caption":"Reiki circle and energetic exchange in Ixelles, Brussels."},{"@type":"BreadcrumbList","@id":"https:\/\/bodhiwhispers.be\/fr\/cercle-shiatsu-reiki-bruxelles\/#breadcrumb","itemListElement":[{"@type":"ListItem","position":1,"name":"Home","item":"https:\/\/bodhiwhispers.be\/fr\/"},{"@type":"ListItem","position":2,"name":"Cercle de Shiatsu et Reiki Bruxelles"}]},{"@type":"WebSite","@id":"https:\/\/bodhiwhispers.be\/fr\/#website","url":"https:\/\/bodhiwhispers.be\/fr\/","name":"Bodhiwhispers","description":"Cabinet de travail corporel \u00e9nerg\u00e9tique \u00e0 Bruxelles","publisher":{"@id":"https:\/\/bodhiwhispers.be\/fr\/#organization"},"alternateName":"Bispers","potentialAction":[{"@type":"SearchAction","target":{"@type":"EntryPoint","urlTemplate":"https:\/\/bodhiwhispers.be\/fr\/?s={search_term_string}"},"query-input":{"@type":"PropertyValueSpecification","valueRequired":true,"valueName":"search_term_string"}}],"inLanguage":"fr-FR"},{"@type":"Organization","@id":"https:\/\/bodhiwhispers.be\/fr\/#organization","name":"Bodhiwhispers","url":"https:\/\/bodhiwhispers.be\/fr\/","logo":{"@type":"ImageObject","inLanguage":"fr-FR","@id":"https:\/\/bodhiwhispers.be\/fr\/#\/schema\/logo\/image\/","url":"https:\/\/bodhiwhispers.be\/wp-content\/uploads\/2025\/02\/bodhiwhispers-site-icon-search-engines-v3.ico","contentUrl":"https:\/\/bodhiwhispers.be\/wp-content\/uploads\/2025\/02\/bodhiwhispers-site-icon-search-engines-v3.ico","width":696,"height":696,"caption":"Bodhiwhispers"},"image":{"@id":"https:\/\/bodhiwhispers.be\/fr\/#\/schema\/logo\/image\/"}}]}},"_links":{"self":[{"href":"https:\/\/bodhiwhispers.be\/fr\/wp-json\/wp\/v2\/pages\/31836","targetHints":{"allow":["GET"]}}],"collection":[{"href":"https:\/\/bodhiwhispers.be\/fr\/wp-json\/wp\/v2\/pages"}],"about":[{"href":"https:\/\/bodhiwhispers.be\/fr\/wp-json\/wp\/v2\/types\/page"}],"author":[{"embeddable":true,"href":"https:\/\/bodhiwhispers.be\/fr\/wp-json\/wp\/v2\/users\/1"}],"replies":[{"embeddable":true,"href":"https:\/\/bodhiwhispers.be\/fr\/wp-json\/wp\/v2\/comments?post=31836"}],"version-history":[{"count":25,"href":"https:\/\/bodhiwhispers.be\/fr\/wp-json\/wp\/v2\/pages\/31836\/revisions"}],"predecessor-version":[{"id":46231,"href":"https:\/\/bodhiwhispers.be\/fr\/wp-json\/wp\/v2\/pages\/31836\/revisions\/46231"}],"wp:featuredmedia":[{"embeddable":true,"href":"https:\/\/bodhiwhispers.be\/fr\/wp-json\/wp\/v2\/media\/38403"}],"wp:attachment":[{"href":"https:\/\/bodhiwhispers.be\/fr\/wp-json\/wp\/v2\/media?parent=31836"}],"curies":[{"name":"wp","href":"https:\/\/api.w.org\/{rel}","templated":true}]}}