{"id":35311,"date":"2025-08-03T16:08:12","date_gmt":"2025-08-03T14:08:12","guid":{"rendered":"https:\/\/bodhiwhispers.be\/parrainage\/"},"modified":"2026-04-30T17:43:08","modified_gmt":"2026-04-30T15:43:08","slug":"parrainage","status":"publish","type":"page","link":"https:\/\/bodhiwhispers.be\/fr\/parrainage\/","title":{"rendered":"Parrainage"},"content":{"rendered":"\t\t<div data-elementor-type=\"wp-page\" data-elementor-id=\"35311\" class=\"elementor elementor-35311 elementor-35131\" data-elementor-post-type=\"page\">\n\t\t\t\t<div class=\"elementor-element elementor-element-462a3efb e-con-full e-flex e-con e-parent\" data-id=\"462a3efb\" data-element_type=\"container\" data-e-type=\"container\">\n\t\t\t\t<div class=\"elementor-element elementor-element-2091df60 elementor-widget elementor-widget-heading\" data-id=\"2091df60\" data-element_type=\"widget\" data-e-type=\"widget\" data-widget_type=\"heading.default\">\n\t\t\t\t<div class=\"elementor-widget-container\">\n\t\t\t\t\t<h1 class=\"elementor-heading-title elementor-size-default\">Programme de parrainage<\/h1>\t\t\t\t<\/div>\n\t\t\t\t<\/div>\n\t\t\t\t<div class=\"elementor-element elementor-element-21b2174 elementor-widget elementor-widget-spacer\" data-id=\"21b2174\" data-element_type=\"widget\" data-e-type=\"widget\" data-widget_type=\"spacer.default\">\n\t\t\t\t<div class=\"elementor-widget-container\">\n\t\t\t\t\t\t\t<div class=\"elementor-spacer\">\n\t\t\t<div class=\"elementor-spacer-inner\"><\/div>\n\t\t<\/div>\n\t\t\t\t\t\t<\/div>\n\t\t\t\t<\/div>\n\t\t\t\t<div class=\"elementor-element elementor-element-41e3339 elementor-widget elementor-widget-heading\" data-id=\"41e3339\" data-element_type=\"widget\" data-e-type=\"widget\" data-widget_type=\"heading.default\">\n\t\t\t\t<div class=\"elementor-widget-container\">\n\t\t\t\t\t<h2 class=\"elementor-heading-title elementor-size-default\">Partagez un moment de d\u00e9tente, choisissez comment vous souhaitez contribuer !<\/h2>\t\t\t\t<\/div>\n\t\t\t\t<\/div>\n\t\t\t\t<div class=\"elementor-element elementor-element-8198ee4 elementor-widget elementor-widget-spacer\" data-id=\"8198ee4\" data-element_type=\"widget\" data-e-type=\"widget\" data-widget_type=\"spacer.default\">\n\t\t\t\t<div class=\"elementor-widget-container\">\n\t\t\t\t\t\t\t<div class=\"elementor-spacer\">\n\t\t\t<div class=\"elementor-spacer-inner\"><\/div>\n\t\t<\/div>\n\t\t\t\t\t\t<\/div>\n\t\t\t\t<\/div>\n\t\t\t\t<div class=\"elementor-element elementor-element-49783dfc elementor-widget__width-initial elementor-widget-mobile__width-inherit elementor-widget elementor-widget-image\" data-id=\"49783dfc\" data-element_type=\"widget\" data-e-type=\"widget\" data-widget_type=\"image.default\">\n\t\t\t\t<div class=\"elementor-widget-container\">\n\t\t\t\t\t\t\t\t\t\t\t\t\t\t\t<img fetchpriority=\"high\" decoding=\"async\" width=\"800\" height=\"530\" src=\"https:\/\/bodhiwhispers.be\/wp-content\/uploads\/2024\/12\/dandelion-1024x678.jpg\" class=\"attachment-large size-large wp-image-28466\" alt=\"dandelion\" srcset=\"https:\/\/bodhiwhispers.be\/wp-content\/uploads\/2024\/12\/dandelion-1024x678.jpg 1024w, https:\/\/bodhiwhispers.be\/wp-content\/uploads\/2024\/12\/dandelion-300x199.jpg 300w, https:\/\/bodhiwhispers.be\/wp-content\/uploads\/2024\/12\/dandelion-768x509.jpg 768w, https:\/\/bodhiwhispers.be\/wp-content\/uploads\/2024\/12\/dandelion.jpg 1280w\" sizes=\"(max-width: 800px) 100vw, 800px\" \/>\t\t\t\t\t\t\t\t\t\t\t\t\t\t\t<\/div>\n\t\t\t\t<\/div>\n\t\t\t\t<div class=\"elementor-element elementor-element-b0f0135 elementor-widget elementor-widget-spacer\" data-id=\"b0f0135\" data-element_type=\"widget\" data-e-type=\"widget\" data-widget_type=\"spacer.default\">\n\t\t\t\t<div class=\"elementor-widget-container\">\n\t\t\t\t\t\t\t<div class=\"elementor-spacer\">\n\t\t\t<div class=\"elementor-spacer-inner\"><\/div>\n\t\t<\/div>\n\t\t\t\t\t\t<\/div>\n\t\t\t\t<\/div>\n\t\t\t\t<div class=\"elementor-element elementor-element-3a6286b elementor-widget elementor-widget-text-editor\" data-id=\"3a6286b\" data-element_type=\"widget\" data-e-type=\"widget\" data-widget_type=\"text-editor.default\">\n\t\t\t\t<div class=\"elementor-widget-container\">\n\t\t\t\t\t\t\t\t\t<p>Vous \u00eates un(e) adepte de nos services ? Nous serions ravies de partager les avantages avec vous et vos proches. Gr\u00e2ce \u00e0 notre <span style=\"color: #bf6363;\">programme de parrainage<\/span>, vous pouvez choisir entre deux fa\u00e7ons d\u2019en b\u00e9n\u00e9ficier : soit partager l\u2019avantage, soit contribuer \u00e0 une bonne cause. Ensemble, nous faisons la diff\u00e9rence !   <\/p><p>Vous pouvez utiliser votre code unique pour autant de personnes que vous le souhaitez. Cette offre est valable jusqu&rsquo;\u00e0 nouvel ordre. <\/p>\t\t\t\t\t\t\t\t<\/div>\n\t\t\t\t<\/div>\n\t\t\t\t<div class=\"elementor-element elementor-element-71be47f elementor-widget elementor-widget-spacer\" data-id=\"71be47f\" data-element_type=\"widget\" data-e-type=\"widget\" data-widget_type=\"spacer.default\">\n\t\t\t\t<div class=\"elementor-widget-container\">\n\t\t\t\t\t\t\t<div class=\"elementor-spacer\">\n\t\t\t<div class=\"elementor-spacer-inner\"><\/div>\n\t\t<\/div>\n\t\t\t\t\t\t<\/div>\n\t\t\t\t<\/div>\n\t\t\t\t<div class=\"elementor-element elementor-element-8310a3a elementor-widget elementor-widget-text-editor\" data-id=\"8310a3a\" data-element_type=\"widget\" data-e-type=\"widget\" data-widget_type=\"text-editor.default\">\n\t\t\t\t<div class=\"elementor-widget-container\">\n\t\t\t\t\t\t\t\t\t<h3><em><strong>Comment \u00e7a marche<\/strong><\/em><\/h3><p><span style=\"color: #bf6363;\">\u00c9tape 1 : Demandez votre code et choisissez votre formule<\/span><\/p><p>Demandez ci-dessous, gratuitement et sans engagement, votre code de parrainage personnel. Dans ce formulaire, vous pouvez directement choisir la formule que vous souhaitez activer. <\/p><p><span style=\"color: #bf6363;\">\u00c9tape 2 : Partagez votre code<\/span><\/p><p>Partagez votre code unique avec un(e) ami(e), un membre de votre famille ou un(e) coll\u00e8gue.<\/p>\t\t\t\t\t\t\t\t<\/div>\n\t\t\t\t<\/div>\n\t\t\t\t<div class=\"elementor-element elementor-element-1439ea0 elementor-widget elementor-widget-spacer\" data-id=\"1439ea0\" data-element_type=\"widget\" data-e-type=\"widget\" data-widget_type=\"spacer.default\">\n\t\t\t\t<div class=\"elementor-widget-container\">\n\t\t\t\t\t\t\t<div class=\"elementor-spacer\">\n\t\t\t<div class=\"elementor-spacer-inner\"><\/div>\n\t\t<\/div>\n\t\t\t\t\t\t<\/div>\n\t\t\t\t<\/div>\n\t\t\t\t<div class=\"elementor-element elementor-element-f46b6a4 elementor-widget elementor-widget-text-editor\" data-id=\"f46b6a4\" data-element_type=\"widget\" data-e-type=\"widget\" data-widget_type=\"text-editor.default\">\n\t\t\t\t<div class=\"elementor-widget-container\">\n\t\t\t\t\t\t\t\t\t<h3><em><strong>Les options en d\u00e9tail<\/strong><\/em><\/h3><ul><li><p><span style=\"color: #bf6363;\">Formule 1 : Avantage pour vous et votre proche (-20 %)<\/span><\/p><\/li><\/ul><p style=\"padding-left: 40px;\">Votre proche b\u00e9n\u00e9ficie de 20 % d\u2019avantage sur sa premi\u00e8re r\u00e9servation. Une fois son rendez-vous pass\u00e9, vous recevrez le m\u00eame avantage sur votre prochaine r\u00e9servation \u2014 en guise de remerciement pour avoir transmis la d\u00e9tente. <\/p><ul><li><p><span style=\"color: #bf6363;\">Formule 2 : Faites un don de 30 % \u00e0 une bonne cause<\/span><\/p><\/li><\/ul><p style=\"padding-left: 40px;\">Avec cette option, ni vous ni votre proche ne b\u00e9n\u00e9ficiez d\u2019un avantage sur le tarif. \u00c0 la place, nous faisons un don de 30 % de la valeur de la premi\u00e8re r\u00e9servation \u00e0 une bonne cause. Vous choisissez quelle ASBL vous souhaitez soutenir via le site de la <span style=\"text-decoration: underline;\"><span style=\"color: #747c7d; text-decoration: underline;\"><a style=\"color: #747c7d; text-decoration: underline;\" href=\"https:\/\/kbs-frb.be\/fr\/rechercher?type_id=initiative__fund_philanthropic\" target=\"_blank\" rel=\"noopener\">Fondation Roi Baudouin<\/a><\/span><\/span>.  <\/p>\t\t\t\t\t\t\t\t<\/div>\n\t\t\t\t<\/div>\n\t\t\t\t<div class=\"elementor-element elementor-element-ca1a7a0 elementor-widget elementor-widget-spacer\" data-id=\"ca1a7a0\" data-element_type=\"widget\" data-e-type=\"widget\" data-widget_type=\"spacer.default\">\n\t\t\t\t<div class=\"elementor-widget-container\">\n\t\t\t\t\t\t\t<div class=\"elementor-spacer\">\n\t\t\t<div class=\"elementor-spacer-inner\"><\/div>\n\t\t<\/div>\n\t\t\t\t\t\t<\/div>\n\t\t\t\t<\/div>\n\t\t<div class=\"elementor-element elementor-element-75c124ff e-con-full e-flex e-con e-child\" data-id=\"75c124ff\" data-element_type=\"container\" data-e-type=\"container\">\n\t\t\t\t<div class=\"elementor-element elementor-element-22993ee5 elementor-widget__width-inherit elementor-button-align-center elementor-widget elementor-widget-form\" data-id=\"22993ee5\" data-element_type=\"widget\" data-e-type=\"widget\" data-settings=\"{&quot;step_next_label&quot;:&quot;Next&quot;,&quot;step_previous_label&quot;:&quot;Previous&quot;,&quot;button_width&quot;:&quot;100&quot;,&quot;step_type&quot;:&quot;number_text&quot;,&quot;step_icon_shape&quot;:&quot;circle&quot;}\" data-widget_type=\"form.default\">\n\t\t\t\t<div class=\"elementor-widget-container\">\n\t\t\t\t\t\t\t<form class=\"elementor-form\" method=\"post\" name=\"refer-a-friend program\" aria-label=\"refer-a-friend program\" novalidate=\"\">\r\n\t\t\t<input type=\"hidden\" name=\"post_id\" value=\"35311\"\/>\r\n\t\t\t<input type=\"hidden\" name=\"form_id\" value=\"22993ee5\"\/>\r\n\t\t\t<input type=\"hidden\" name=\"referer_title\" value=\"Parrainage | Bodhiwhispers\" \/>\r\n\r\n\t\t\t\t\t\t\t<input type=\"hidden\" name=\"queried_id\" value=\"35311\"\/>\r\n\t\t\t\r\n\t\t\t<div class=\"elementor-form-fields-wrapper elementor-labels-above\">\r\n\t\t\t\t\t\t\t\t<div class=\"elementor-field-type-text elementor-field-group elementor-column elementor-field-group-field_0c5f078 elementor-col-50 elementor-field-required elementor-mark-required\">\r\n\t\t\t\t\t\t\t\t\t\t\t\t<label for=\"form-field-field_0c5f078\" class=\"elementor-field-label\">\r\n\t\t\t\t\t\t\t\tPr\u00e9nom\t\t\t\t\t\t\t<\/label>\r\n\t\t\t\t\t\t\t\t\t\t\t\t\t\t<input size=\"1\" type=\"text\" name=\"form_fields[field_0c5f078]\" id=\"form-field-field_0c5f078\" class=\"elementor-field elementor-size-sm  elementor-field-textual\" required=\"required\">\r\n\t\t\t\t\t\t\t\t\t\t\t<\/div>\r\n\t\t\t\t\t\t\t\t<div class=\"elementor-field-type-text elementor-field-group elementor-column elementor-field-group-field_d8480d4 elementor-col-50 elementor-field-required elementor-mark-required\">\r\n\t\t\t\t\t\t\t\t\t\t\t\t<label for=\"form-field-field_d8480d4\" class=\"elementor-field-label\">\r\n\t\t\t\t\t\t\t\tNom de famille\t\t\t\t\t\t\t<\/label>\r\n\t\t\t\t\t\t\t\t\t\t\t\t\t\t<input size=\"1\" type=\"text\" name=\"form_fields[field_d8480d4]\" id=\"form-field-field_d8480d4\" class=\"elementor-field elementor-size-sm  elementor-field-textual\" required=\"required\">\r\n\t\t\t\t\t\t\t\t\t\t\t<\/div>\r\n\t\t\t\t\t\t\t\t<div class=\"elementor-field-type-email elementor-field-group elementor-column elementor-field-group-email elementor-col-50 elementor-field-required elementor-mark-required\">\r\n\t\t\t\t\t\t\t\t\t\t\t\t<label for=\"form-field-email\" class=\"elementor-field-label\">\r\n\t\t\t\t\t\t\t\tE-mail\t\t\t\t\t\t\t<\/label>\r\n\t\t\t\t\t\t\t\t\t\t\t\t\t\t<input size=\"1\" type=\"email\" name=\"form_fields[email]\" id=\"form-field-email\" class=\"elementor-field elementor-size-sm  elementor-field-textual\" required=\"required\">\r\n\t\t\t\t\t\t\t\t\t\t\t<\/div>\r\n\t\t\t\t\t\t\t\t<div class=\"elementor-field-type-tel elementor-field-group elementor-column elementor-field-group-field_3c86bd4 elementor-col-50 elementor-field-required elementor-mark-required\">\r\n\t\t\t\t\t\t\t\t\t\t\t\t<label for=\"form-field-field_3c86bd4\" class=\"elementor-field-label\">\r\n\t\t\t\t\t\t\t\tT\u00e9l\u00e9phone\t\t\t\t\t\t\t<\/label>\r\n\t\t\t\t\t\t\t\t<input size=\"1\" type=\"tel\" name=\"form_fields[field_3c86bd4]\" id=\"form-field-field_3c86bd4\" class=\"elementor-field elementor-size-sm  elementor-field-textual\" required=\"required\" pattern=\"[0-9()#&amp;+*-=.]+\" title=\"Only numbers and phone characters (#, -, *, etc) are accepted.\">\r\n\r\n\t\t\t\t\t\t<\/div>\r\n\t\t\t\t\t\t\t\t<div class=\"elementor-field-type-select elementor-field-group elementor-column elementor-field-group-field_456ca25 elementor-col-100 elementor-field-required elementor-mark-required\">\r\n\t\t\t\t\t\t\t\t\t\t\t\t<label for=\"form-field-field_456ca25\" class=\"elementor-field-label\">\r\n\t\t\t\t\t\t\t\tFormule choisie\t\t\t\t\t\t\t<\/label>\r\n\t\t\t\t\t\t\t\t<div class=\"elementor-field elementor-select-wrapper remove-before \">\r\n\t\t\t<div class=\"select-caret-down-wrapper\">\r\n\t\t\t\t<svg aria-hidden=\"true\" class=\"e-font-icon-svg e-eicon-caret-down\" viewBox=\"0 0 571.4 571.4\" xmlns=\"http:\/\/www.w3.org\/2000\/svg\"><path d=\"M571 393Q571 407 561 418L311 668Q300 679 286 679T261 668L11 418Q0 407 0 393T11 368 36 357H536Q550 357 561 368T571 393Z\"><\/path><\/svg>\t\t\t<\/div>\r\n\t\t\t<select name=\"form_fields[field_456ca25]\" id=\"form-field-field_456ca25\" class=\"elementor-field-textual elementor-size-sm\" required=\"required\">\r\n\t\t\t\t\t\t\t\t\t<option value=\"Formule 1 : Avantage pour vous et votre proche (-20 %)\">Formule 1 : Avantage pour vous et votre proche (-20 %)<\/option>\r\n\t\t\t\t\t\t\t\t\t<option value=\"Formule 2 : Faites un don de 30 % \u00e0 une bonne cause\">Formule 2 : Faites un don de 30 % \u00e0 une bonne cause<\/option>\r\n\t\t\t\t\t\t\t<\/select>\r\n\t\t<\/div>\r\n\t\t\t\t\t\t<\/div>\r\n\t\t\t\t\t\t\t\t<div class=\"elementor-field-type-text elementor-field-group elementor-column elementor-field-group-field_1ed3b37 elementor-col-100\">\r\n\t\t\t\t\t\t\t\t\t\t\t\t<label for=\"form-field-field_1ed3b37\" class=\"elementor-field-label\">\r\n\t\t\t\t\t\t\t\tASBL choisie (si Formule 2)\t\t\t\t\t\t\t<\/label>\r\n\t\t\t\t\t\t\t\t\t\t\t\t\t\t<input size=\"1\" type=\"text\" name=\"form_fields[field_1ed3b37]\" id=\"form-field-field_1ed3b37\" class=\"elementor-field elementor-size-sm  elementor-field-textual\">\r\n\t\t\t\t\t\t\t\t\t\t\t<\/div>\r\n\t\t\t\t\t\t\t\t<div class=\"elementor-field-type-acceptance elementor-field-group elementor-column elementor-field-group-field_2802592 elementor-col-100 elementor-field-required elementor-mark-required\">\r\n\t\t\t\t\t\t\t<div class=\"elementor-field-subgroup\">\r\n\t\t\t<span class=\"elementor-field-option\">\r\n\t\t\t\t<input type=\"checkbox\" name=\"form_fields[field_2802592]\" id=\"form-field-field_2802592\" class=\"elementor-field elementor-size-sm  elementor-acceptance-field\" required=\"required\">\r\n\t\t\t\t<label for=\"form-field-field_2802592\">J'accepte la <a href=\"https:\/\/bodhiwhispers.be\/fr\/politique-de-confidentialite\/\" target=\"_blank\">politique de confidentialit\u00e9<\/a> et la <a href=\"https:\/\/bodhiwhispers.be\/fr\/contact-et-politique-de-service\/\" target=\"_blank\">politique de service<\/a>.<\/label>\t\t\t<\/span>\r\n\t\t<\/div>\r\n\t\t\t\t\t\t<\/div>\r\n\t\t\t\t\t\t\t\t<div class=\"elementor-field-group elementor-column elementor-field-type-submit elementor-col-100 e-form__buttons\">\r\n\t\t\t\t\t<button class=\"elementor-button elementor-size-sm\" type=\"submit\">\r\n\t\t\t\t\t\t<span class=\"elementor-button-content-wrapper\">\r\n\t\t\t\t\t\t\t\t\t\t\t\t\t\t\t\t\t\t\t\t\t\t<span class=\"elementor-button-text\">Envoyer<\/span>\r\n\t\t\t\t\t\t\t\t\t\t\t\t\t<\/span>\r\n\t\t\t\t\t<\/button>\r\n\t\t\t\t<\/div>\r\n\t\t\t<\/div>\r\n\t\t<\/form>\r\n\t\t\t\t\t\t<\/div>\n\t\t\t\t<\/div>\n\t\t\t\t<\/div>\n\t\t\t\t<\/div>\n\t\t\t\t<\/div>\n\t\t","protected":false},"excerpt":{"rendered":"<p>Programme de parrainage Partagez un moment de d\u00e9tente, choisissez comment vous souhaitez contribuer ! Vous \u00eates un(e) adepte de nos services ? Nous serions ravies de partager les avantages avec vous et vos proches. Gr\u00e2ce \u00e0 notre programme de parrainage, vous pouvez choisir entre deux fa\u00e7ons d\u2019en b\u00e9n\u00e9ficier : soit partager l\u2019avantage, soit contribuer \u00e0 [&hellip;]<\/p>\n","protected":false},"author":1,"featured_media":28466,"parent":0,"menu_order":0,"comment_status":"closed","ping_status":"closed","template":"","meta":{"footnotes":""},"class_list":["post-35311","page","type-page","status-publish","has-post-thumbnail","hentry"],"yoast_head":"<!-- This site is optimized with the Yoast SEO plugin v27.6 - https:\/\/yoast.com\/product\/yoast-seo-wordpress\/ -->\n<title>Parrainage | Bodhiwhispers<\/title>\n<meta name=\"description\" content=\"D\u00e9couvrez notre programme de parrainage. Profitez d&#039;une r\u00e9duction sur une r\u00e9servation ou faites un don \u00e0 une \u0153uvre de bienfaisance. \u00c9conomisez d\u00e8s maintenant !\" \/>\n<meta name=\"robots\" content=\"noindex, nofollow\" \/>\n<meta property=\"og:locale\" content=\"fr_FR\" \/>\n<meta property=\"og:type\" content=\"article\" \/>\n<meta property=\"og:title\" content=\"Parrainage | Bodhiwhispers\" \/>\n<meta property=\"og:description\" content=\"D\u00e9couvrez notre programme de parrainage. Profitez d&#039;une r\u00e9duction sur une r\u00e9servation ou faites un don \u00e0 une \u0153uvre de bienfaisance. \u00c9conomisez d\u00e8s maintenant !\" \/>\n<meta property=\"og:url\" content=\"https:\/\/bodhiwhispers.be\/fr\/parrainage\/\" \/>\n<meta property=\"og:site_name\" content=\"Bodhiwhispers\" \/>\n<meta property=\"article:modified_time\" content=\"2026-04-30T15:43:08+00:00\" \/>\n<meta property=\"og:image\" content=\"https:\/\/bodhiwhispers.be\/wp-content\/uploads\/2024\/12\/dandelion-1024x678.jpg\" \/>\n<meta name=\"twitter:card\" content=\"summary_large_image\" \/>\n<meta name=\"twitter:label1\" content=\"Dur\u00e9e de lecture estim\u00e9e\" \/>\n\t<meta name=\"twitter:data1\" content=\"2 minutes\" \/>\n<script type=\"application\/ld+json\" class=\"yoast-schema-graph\">{\"@context\":\"https:\\\/\\\/schema.org\",\"@graph\":[{\"@type\":\"WebPage\",\"@id\":\"https:\\\/\\\/bodhiwhispers.be\\\/fr\\\/parrainage\\\/\",\"url\":\"https:\\\/\\\/bodhiwhispers.be\\\/fr\\\/parrainage\\\/\",\"name\":\"Parrainage | Bodhiwhispers\",\"isPartOf\":{\"@id\":\"https:\\\/\\\/bodhiwhispers.be\\\/fr\\\/#website\"},\"primaryImageOfPage\":{\"@id\":\"https:\\\/\\\/bodhiwhispers.be\\\/fr\\\/parrainage\\\/#primaryimage\"},\"image\":{\"@id\":\"https:\\\/\\\/bodhiwhispers.be\\\/fr\\\/parrainage\\\/#primaryimage\"},\"thumbnailUrl\":\"https:\\\/\\\/bodhiwhispers.be\\\/wp-content\\\/uploads\\\/2024\\\/12\\\/dandelion.jpg\",\"datePublished\":\"2025-08-03T14:08:12+00:00\",\"dateModified\":\"2026-04-30T15:43:08+00:00\",\"description\":\"D\u00e9couvrez notre programme de parrainage. Profitez d'une r\u00e9duction sur une r\u00e9servation ou faites un don \u00e0 une \u0153uvre de bienfaisance. \u00c9conomisez d\u00e8s maintenant !\",\"breadcrumb\":{\"@id\":\"https:\\\/\\\/bodhiwhispers.be\\\/fr\\\/parrainage\\\/#breadcrumb\"},\"inLanguage\":\"fr-FR\",\"potentialAction\":[{\"@type\":\"ReadAction\",\"target\":[\"https:\\\/\\\/bodhiwhispers.be\\\/fr\\\/parrainage\\\/\"]}]},{\"@type\":\"ImageObject\",\"inLanguage\":\"fr-FR\",\"@id\":\"https:\\\/\\\/bodhiwhispers.be\\\/fr\\\/parrainage\\\/#primaryimage\",\"url\":\"https:\\\/\\\/bodhiwhispers.be\\\/wp-content\\\/uploads\\\/2024\\\/12\\\/dandelion.jpg\",\"contentUrl\":\"https:\\\/\\\/bodhiwhispers.be\\\/wp-content\\\/uploads\\\/2024\\\/12\\\/dandelion.jpg\",\"width\":1280,\"height\":848,\"caption\":\"dandelion\"},{\"@type\":\"BreadcrumbList\",\"@id\":\"https:\\\/\\\/bodhiwhispers.be\\\/fr\\\/parrainage\\\/#breadcrumb\",\"itemListElement\":[{\"@type\":\"ListItem\",\"position\":1,\"name\":\"Home\",\"item\":\"https:\\\/\\\/bodhiwhispers.be\\\/fr\\\/\"},{\"@type\":\"ListItem\",\"position\":2,\"name\":\"Parrainage\"}]},{\"@type\":\"WebSite\",\"@id\":\"https:\\\/\\\/bodhiwhispers.be\\\/fr\\\/#website\",\"url\":\"https:\\\/\\\/bodhiwhispers.be\\\/fr\\\/\",\"name\":\"Bodhiwhispers\",\"description\":\"Cabinet de travail corporel \u00e9nerg\u00e9tique \u00e0 Bruxelles\",\"publisher\":{\"@id\":\"https:\\\/\\\/bodhiwhispers.be\\\/fr\\\/#organization\"},\"alternateName\":\"Bispers\",\"potentialAction\":[{\"@type\":\"SearchAction\",\"target\":{\"@type\":\"EntryPoint\",\"urlTemplate\":\"https:\\\/\\\/bodhiwhispers.be\\\/fr\\\/?s={search_term_string}\"},\"query-input\":{\"@type\":\"PropertyValueSpecification\",\"valueRequired\":true,\"valueName\":\"search_term_string\"}}],\"inLanguage\":\"fr-FR\"},{\"@type\":\"Organization\",\"@id\":\"https:\\\/\\\/bodhiwhispers.be\\\/fr\\\/#organization\",\"name\":\"Bodhiwhispers\",\"url\":\"https:\\\/\\\/bodhiwhispers.be\\\/fr\\\/\",\"logo\":{\"@type\":\"ImageObject\",\"inLanguage\":\"fr-FR\",\"@id\":\"https:\\\/\\\/bodhiwhispers.be\\\/fr\\\/#\\\/schema\\\/logo\\\/image\\\/\",\"url\":\"https:\\\/\\\/bodhiwhispers.be\\\/wp-content\\\/uploads\\\/2025\\\/02\\\/bodhiwhispers-site-icon-search-engines-v3.ico\",\"contentUrl\":\"https:\\\/\\\/bodhiwhispers.be\\\/wp-content\\\/uploads\\\/2025\\\/02\\\/bodhiwhispers-site-icon-search-engines-v3.ico\",\"width\":696,\"height\":696,\"caption\":\"Bodhiwhispers\"},\"image\":{\"@id\":\"https:\\\/\\\/bodhiwhispers.be\\\/fr\\\/#\\\/schema\\\/logo\\\/image\\\/\"}}]}<\/script>\n<!-- \/ Yoast SEO plugin. -->","yoast_head_json":{"title":"Parrainage | Bodhiwhispers","description":"D\u00e9couvrez notre programme de parrainage. Profitez d'une r\u00e9duction sur une r\u00e9servation ou faites un don \u00e0 une \u0153uvre de bienfaisance. \u00c9conomisez d\u00e8s maintenant !","robots":{"index":"noindex","follow":"nofollow"},"og_locale":"fr_FR","og_type":"article","og_title":"Parrainage | Bodhiwhispers","og_description":"D\u00e9couvrez notre programme de parrainage. Profitez d'une r\u00e9duction sur une r\u00e9servation ou faites un don \u00e0 une \u0153uvre de bienfaisance. \u00c9conomisez d\u00e8s maintenant !","og_url":"https:\/\/bodhiwhispers.be\/fr\/parrainage\/","og_site_name":"Bodhiwhispers","article_modified_time":"2026-04-30T15:43:08+00:00","og_image":[{"url":"https:\/\/bodhiwhispers.be\/wp-content\/uploads\/2024\/12\/dandelion-1024x678.jpg","type":"","width":"","height":""}],"twitter_card":"summary_large_image","twitter_misc":{"Dur\u00e9e de lecture estim\u00e9e":"2 minutes"},"schema":{"@context":"https:\/\/schema.org","@graph":[{"@type":"WebPage","@id":"https:\/\/bodhiwhispers.be\/fr\/parrainage\/","url":"https:\/\/bodhiwhispers.be\/fr\/parrainage\/","name":"Parrainage | Bodhiwhispers","isPartOf":{"@id":"https:\/\/bodhiwhispers.be\/fr\/#website"},"primaryImageOfPage":{"@id":"https:\/\/bodhiwhispers.be\/fr\/parrainage\/#primaryimage"},"image":{"@id":"https:\/\/bodhiwhispers.be\/fr\/parrainage\/#primaryimage"},"thumbnailUrl":"https:\/\/bodhiwhispers.be\/wp-content\/uploads\/2024\/12\/dandelion.jpg","datePublished":"2025-08-03T14:08:12+00:00","dateModified":"2026-04-30T15:43:08+00:00","description":"D\u00e9couvrez notre programme de parrainage. Profitez d'une r\u00e9duction sur une r\u00e9servation ou faites un don \u00e0 une \u0153uvre de bienfaisance. \u00c9conomisez d\u00e8s maintenant !","breadcrumb":{"@id":"https:\/\/bodhiwhispers.be\/fr\/parrainage\/#breadcrumb"},"inLanguage":"fr-FR","potentialAction":[{"@type":"ReadAction","target":["https:\/\/bodhiwhispers.be\/fr\/parrainage\/"]}]},{"@type":"ImageObject","inLanguage":"fr-FR","@id":"https:\/\/bodhiwhispers.be\/fr\/parrainage\/#primaryimage","url":"https:\/\/bodhiwhispers.be\/wp-content\/uploads\/2024\/12\/dandelion.jpg","contentUrl":"https:\/\/bodhiwhispers.be\/wp-content\/uploads\/2024\/12\/dandelion.jpg","width":1280,"height":848,"caption":"dandelion"},{"@type":"BreadcrumbList","@id":"https:\/\/bodhiwhispers.be\/fr\/parrainage\/#breadcrumb","itemListElement":[{"@type":"ListItem","position":1,"name":"Home","item":"https:\/\/bodhiwhispers.be\/fr\/"},{"@type":"ListItem","position":2,"name":"Parrainage"}]},{"@type":"WebSite","@id":"https:\/\/bodhiwhispers.be\/fr\/#website","url":"https:\/\/bodhiwhispers.be\/fr\/","name":"Bodhiwhispers","description":"Cabinet de travail corporel \u00e9nerg\u00e9tique \u00e0 Bruxelles","publisher":{"@id":"https:\/\/bodhiwhispers.be\/fr\/#organization"},"alternateName":"Bispers","potentialAction":[{"@type":"SearchAction","target":{"@type":"EntryPoint","urlTemplate":"https:\/\/bodhiwhispers.be\/fr\/?s={search_term_string}"},"query-input":{"@type":"PropertyValueSpecification","valueRequired":true,"valueName":"search_term_string"}}],"inLanguage":"fr-FR"},{"@type":"Organization","@id":"https:\/\/bodhiwhispers.be\/fr\/#organization","name":"Bodhiwhispers","url":"https:\/\/bodhiwhispers.be\/fr\/","logo":{"@type":"ImageObject","inLanguage":"fr-FR","@id":"https:\/\/bodhiwhispers.be\/fr\/#\/schema\/logo\/image\/","url":"https:\/\/bodhiwhispers.be\/wp-content\/uploads\/2025\/02\/bodhiwhispers-site-icon-search-engines-v3.ico","contentUrl":"https:\/\/bodhiwhispers.be\/wp-content\/uploads\/2025\/02\/bodhiwhispers-site-icon-search-engines-v3.ico","width":696,"height":696,"caption":"Bodhiwhispers"},"image":{"@id":"https:\/\/bodhiwhispers.be\/fr\/#\/schema\/logo\/image\/"}}]}},"_links":{"self":[{"href":"https:\/\/bodhiwhispers.be\/fr\/wp-json\/wp\/v2\/pages\/35311","targetHints":{"allow":["GET"]}}],"collection":[{"href":"https:\/\/bodhiwhispers.be\/fr\/wp-json\/wp\/v2\/pages"}],"about":[{"href":"https:\/\/bodhiwhispers.be\/fr\/wp-json\/wp\/v2\/types\/page"}],"author":[{"embeddable":true,"href":"https:\/\/bodhiwhispers.be\/fr\/wp-json\/wp\/v2\/users\/1"}],"replies":[{"embeddable":true,"href":"https:\/\/bodhiwhispers.be\/fr\/wp-json\/wp\/v2\/comments?post=35311"}],"version-history":[{"count":26,"href":"https:\/\/bodhiwhispers.be\/fr\/wp-json\/wp\/v2\/pages\/35311\/revisions"}],"predecessor-version":[{"id":47040,"href":"https:\/\/bodhiwhispers.be\/fr\/wp-json\/wp\/v2\/pages\/35311\/revisions\/47040"}],"wp:featuredmedia":[{"embeddable":true,"href":"https:\/\/bodhiwhispers.be\/fr\/wp-json\/wp\/v2\/media\/28466"}],"wp:attachment":[{"href":"https:\/\/bodhiwhispers.be\/fr\/wp-json\/wp\/v2\/media?parent=35311"}],"curies":[{"name":"wp","href":"https:\/\/api.w.org\/{rel}","templated":true}]}}