{"id":40537,"date":"2026-01-16T17:49:02","date_gmt":"2026-01-16T16:49:02","guid":{"rendered":"https:\/\/bodhiwhispers.be\/reservez-en-ligne\/"},"modified":"2026-04-30T10:09:22","modified_gmt":"2026-04-30T08:09:22","slug":"seances-et-activites","status":"publish","type":"page","link":"https:\/\/bodhiwhispers.be\/fr\/seances-et-activites\/","title":{"rendered":"S\u00e9ances et activit\u00e9s"},"content":{"rendered":"\t\t<div data-elementor-type=\"wp-page\" data-elementor-id=\"40537\" class=\"elementor elementor-40537 elementor-40493\" data-elementor-post-type=\"page\">\n\t\t\t\t<div class=\"elementor-element elementor-element-80e05eb e-con-full e-flex e-con e-parent\" data-id=\"80e05eb\" data-element_type=\"container\" data-e-type=\"container\" data-settings=\"{&quot;background_background&quot;:&quot;classic&quot;}\">\n\t\t\t\t<div class=\"elementor-element elementor-element-b19c0a7 elementor-widget elementor-widget-heading\" data-id=\"b19c0a7\" data-element_type=\"widget\" data-e-type=\"widget\" data-widget_type=\"heading.default\">\n\t\t\t\t<div class=\"elementor-widget-container\">\n\t\t\t\t\t<h1 class=\"elementor-heading-title elementor-size-default\">Choisissez votre bien-\u00eatre<\/h1>\t\t\t\t<\/div>\n\t\t\t\t<\/div>\n\t\t\t\t<div class=\"elementor-element elementor-element-70afb67 elementor-widget elementor-widget-spacer\" data-id=\"70afb67\" data-element_type=\"widget\" data-e-type=\"widget\" data-widget_type=\"spacer.default\">\n\t\t\t\t<div class=\"elementor-widget-container\">\n\t\t\t\t\t\t\t<div class=\"elementor-spacer\">\n\t\t\t<div class=\"elementor-spacer-inner\"><\/div>\n\t\t<\/div>\n\t\t\t\t\t\t<\/div>\n\t\t\t\t<\/div>\n\t\t\t\t<div class=\"elementor-element elementor-element-8afa16c elementor-widget__width-initial elementor-widget elementor-widget-heading\" data-id=\"8afa16c\" data-element_type=\"widget\" data-e-type=\"widget\" data-widget_type=\"heading.default\">\n\t\t\t\t<div class=\"elementor-widget-container\">\n\t\t\t\t\t<h2 class=\"elementor-heading-title elementor-size-default\">\u00ab Bienvenue dans l'agenda en ligne ! \u00bb<\/h2>\t\t\t\t<\/div>\n\t\t\t\t<\/div>\n\t\t\t\t<div class=\"elementor-element elementor-element-73f6c40 elementor-widget elementor-widget-spacer\" data-id=\"73f6c40\" data-element_type=\"widget\" data-e-type=\"widget\" data-widget_type=\"spacer.default\">\n\t\t\t\t<div class=\"elementor-widget-container\">\n\t\t\t\t\t\t\t<div class=\"elementor-spacer\">\n\t\t\t<div class=\"elementor-spacer-inner\"><\/div>\n\t\t<\/div>\n\t\t\t\t\t\t<\/div>\n\t\t\t\t<\/div>\n\t\t\t\t<div class=\"elementor-element elementor-element-f71abe5 elementor-widget__width-initial elementor-widget-mobile_extra__width-initial elementor-widget elementor-widget-text-editor\" data-id=\"f71abe5\" data-element_type=\"widget\" data-e-type=\"widget\" data-widget_type=\"text-editor.default\">\n\t\t\t\t<div class=\"elementor-widget-container\">\n\t\t\t\t\t\t\t\t\t<p>D\u00e9couvrez la puissance d\u2019un toucher \u00e9nerg\u00e9tique ou retrouvez l\u2019\u00e9quilibre par le mouvement.<\/p><p>Les s\u00e9ances et activit\u00e9s au sein du cabinet sont sp\u00e9cifiquement adapt\u00e9es aux besoins de votre corps et de votre esprit \u00e0 cet instant pr\u00e9cis.<\/p><p>Cliquez ci-dessous pour plus de d\u00e9tails et r\u00e9servez facilement en ligne.<\/p>\t\t\t\t\t\t\t\t<\/div>\n\t\t\t\t<\/div>\n\t\t\t\t<div class=\"elementor-element elementor-element-36ad8d8 elementor-widget elementor-widget-spacer\" data-id=\"36ad8d8\" data-element_type=\"widget\" data-e-type=\"widget\" data-widget_type=\"spacer.default\">\n\t\t\t\t<div class=\"elementor-widget-container\">\n\t\t\t\t\t\t\t<div class=\"elementor-spacer\">\n\t\t\t<div class=\"elementor-spacer-inner\"><\/div>\n\t\t<\/div>\n\t\t\t\t\t\t<\/div>\n\t\t\t\t<\/div>\n\t\t<div class=\"elementor-element elementor-element-9a7495c e-con-full e-flex e-con e-child\" data-id=\"9a7495c\" data-element_type=\"container\" data-e-type=\"container\" data-settings=\"{&quot;background_background&quot;:&quot;classic&quot;}\">\n\t\t<div class=\"elementor-element elementor-element-1e749b48 e-con-full e-flex e-con e-child\" data-id=\"1e749b48\" data-element_type=\"container\" data-e-type=\"container\">\n\t\t\t\t<div class=\"elementor-element elementor-element-79f3e9a3 elementor-widget elementor-widget-heading\" data-id=\"79f3e9a3\" data-element_type=\"widget\" data-e-type=\"widget\" data-widget_type=\"heading.default\">\n\t\t\t\t<div class=\"elementor-widget-container\">\n\t\t\t\t\t<h3 class=\"elementor-heading-title elementor-size-default\">S\u00e9ances<\/h3>\t\t\t\t<\/div>\n\t\t\t\t<\/div>\n\t\t\t\t<div class=\"elementor-element elementor-element-14669e2a elementor-widget elementor-widget-spacer\" data-id=\"14669e2a\" data-element_type=\"widget\" data-e-type=\"widget\" data-widget_type=\"spacer.default\">\n\t\t\t\t<div class=\"elementor-widget-container\">\n\t\t\t\t\t\t\t<div class=\"elementor-spacer\">\n\t\t\t<div class=\"elementor-spacer-inner\"><\/div>\n\t\t<\/div>\n\t\t\t\t\t\t<\/div>\n\t\t\t\t<\/div>\n\t\t\t\t<div class=\"elementor-element elementor-element-2b431687 elementor-align-justify elementor-widget__width-initial elementor-widget elementor-widget-button\" data-id=\"2b431687\" data-element_type=\"widget\" data-e-type=\"widget\" data-widget_type=\"button.default\">\n\t\t\t\t<div class=\"elementor-widget-container\">\n\t\t\t\t\t\t\t\t\t<div class=\"elementor-button-wrapper\">\n\t\t\t\t\t<a class=\"elementor-button elementor-button-link elementor-size-sm\" href=\"https:\/\/bodhiwhispers.be\/fr\/massage-shiatsu-bruxelles\/\">\n\t\t\t\t\t\t<span class=\"elementor-button-content-wrapper\">\n\t\t\t\t\t\t\t\t\t<span class=\"elementor-button-text\">Shiatsu sur futon \u2192<\/span>\n\t\t\t\t\t<\/span>\n\t\t\t\t\t<\/a>\n\t\t\t\t<\/div>\n\t\t\t\t\t\t\t\t<\/div>\n\t\t\t\t<\/div>\n\t\t\t\t<div class=\"elementor-element elementor-element-21f9f2b7 elementor-widget elementor-widget-spacer\" data-id=\"21f9f2b7\" data-element_type=\"widget\" data-e-type=\"widget\" data-widget_type=\"spacer.default\">\n\t\t\t\t<div class=\"elementor-widget-container\">\n\t\t\t\t\t\t\t<div class=\"elementor-spacer\">\n\t\t\t<div class=\"elementor-spacer-inner\"><\/div>\n\t\t<\/div>\n\t\t\t\t\t\t<\/div>\n\t\t\t\t<\/div>\n\t\t\t\t<div class=\"elementor-element elementor-element-4c062156 elementor-align-justify elementor-widget__width-initial elementor-widget elementor-widget-button\" data-id=\"4c062156\" data-element_type=\"widget\" data-e-type=\"widget\" data-widget_type=\"button.default\">\n\t\t\t\t<div class=\"elementor-widget-container\">\n\t\t\t\t\t\t\t\t\t<div class=\"elementor-button-wrapper\">\n\t\t\t\t\t<a class=\"elementor-button elementor-button-link elementor-size-sm\" href=\"https:\/\/bodhiwhispers.be\/fr\/shiatsu-sur-chaise-bruxelles\/\">\n\t\t\t\t\t\t<span class=\"elementor-button-content-wrapper\">\n\t\t\t\t\t\t\t\t\t<span class=\"elementor-button-text\">Shiatsu sur chaise \u2192<\/span>\n\t\t\t\t\t<\/span>\n\t\t\t\t\t<\/a>\n\t\t\t\t<\/div>\n\t\t\t\t\t\t\t\t<\/div>\n\t\t\t\t<\/div>\n\t\t\t\t<div class=\"elementor-element elementor-element-2d235d5 elementor-widget elementor-widget-spacer\" data-id=\"2d235d5\" data-element_type=\"widget\" data-e-type=\"widget\" data-widget_type=\"spacer.default\">\n\t\t\t\t<div class=\"elementor-widget-container\">\n\t\t\t\t\t\t\t<div class=\"elementor-spacer\">\n\t\t\t<div class=\"elementor-spacer-inner\"><\/div>\n\t\t<\/div>\n\t\t\t\t\t\t<\/div>\n\t\t\t\t<\/div>\n\t\t\t\t<div class=\"elementor-element elementor-element-1dd3602 elementor-align-justify elementor-widget__width-initial elementor-widget elementor-widget-button\" data-id=\"1dd3602\" data-element_type=\"widget\" data-e-type=\"widget\" data-widget_type=\"button.default\">\n\t\t\t\t<div class=\"elementor-widget-container\">\n\t\t\t\t\t\t\t\t\t<div class=\"elementor-button-wrapper\">\n\t\t\t\t\t<a class=\"elementor-button elementor-button-link elementor-size-sm\" href=\"https:\/\/bodhiwhispers.be\/fr\/reflexologie-plantaire-bruxelles\/\">\n\t\t\t\t\t\t<span class=\"elementor-button-content-wrapper\">\n\t\t\t\t\t\t\t\t\t<span class=\"elementor-button-text\">R\u00e9flexologie plantaire \u2192<\/span>\n\t\t\t\t\t<\/span>\n\t\t\t\t\t<\/a>\n\t\t\t\t<\/div>\n\t\t\t\t\t\t\t\t<\/div>\n\t\t\t\t<\/div>\n\t\t\t\t<div class=\"elementor-element elementor-element-dc1d59b elementor-widget elementor-widget-spacer\" data-id=\"dc1d59b\" data-element_type=\"widget\" data-e-type=\"widget\" data-widget_type=\"spacer.default\">\n\t\t\t\t<div class=\"elementor-widget-container\">\n\t\t\t\t\t\t\t<div class=\"elementor-spacer\">\n\t\t\t<div class=\"elementor-spacer-inner\"><\/div>\n\t\t<\/div>\n\t\t\t\t\t\t<\/div>\n\t\t\t\t<\/div>\n\t\t\t\t<div class=\"elementor-element elementor-element-2ebbfe2 elementor-align-justify elementor-widget__width-initial elementor-widget elementor-widget-button\" data-id=\"2ebbfe2\" data-element_type=\"widget\" data-e-type=\"widget\" data-widget_type=\"button.default\">\n\t\t\t\t<div class=\"elementor-widget-container\">\n\t\t\t\t\t\t\t\t\t<div class=\"elementor-button-wrapper\">\n\t\t\t\t\t<a class=\"elementor-button elementor-button-link elementor-size-sm\" href=\"https:\/\/bodhiwhispers.be\/fr\/reiki-bruxelles\/\">\n\t\t\t\t\t\t<span class=\"elementor-button-content-wrapper\">\n\t\t\t\t\t\t\t\t\t<span class=\"elementor-button-text\">Reiki \u2192<\/span>\n\t\t\t\t\t<\/span>\n\t\t\t\t\t<\/a>\n\t\t\t\t<\/div>\n\t\t\t\t\t\t\t\t<\/div>\n\t\t\t\t<\/div>\n\t\t\t\t<div class=\"elementor-element elementor-element-a843aad elementor-widget elementor-widget-spacer\" data-id=\"a843aad\" data-element_type=\"widget\" data-e-type=\"widget\" data-widget_type=\"spacer.default\">\n\t\t\t\t<div class=\"elementor-widget-container\">\n\t\t\t\t\t\t\t<div class=\"elementor-spacer\">\n\t\t\t<div class=\"elementor-spacer-inner\"><\/div>\n\t\t<\/div>\n\t\t\t\t\t\t<\/div>\n\t\t\t\t<\/div>\n\t\t\t\t<\/div>\n\t\t<div class=\"elementor-element elementor-element-2c945b0 e-con-full e-flex e-con e-child\" data-id=\"2c945b0\" data-element_type=\"container\" data-e-type=\"container\">\n\t\t\t\t<div class=\"elementor-element elementor-element-ba907d1 elementor-widget elementor-widget-heading\" data-id=\"ba907d1\" data-element_type=\"widget\" data-e-type=\"widget\" data-widget_type=\"heading.default\">\n\t\t\t\t<div class=\"elementor-widget-container\">\n\t\t\t\t\t<h3 class=\"elementor-heading-title elementor-size-default\">Activit\u00e9s<\/h3>\t\t\t\t<\/div>\n\t\t\t\t<\/div>\n\t\t\t\t<div class=\"elementor-element elementor-element-d4b959f elementor-widget elementor-widget-spacer\" data-id=\"d4b959f\" data-element_type=\"widget\" data-e-type=\"widget\" data-widget_type=\"spacer.default\">\n\t\t\t\t<div class=\"elementor-widget-container\">\n\t\t\t\t\t\t\t<div class=\"elementor-spacer\">\n\t\t\t<div class=\"elementor-spacer-inner\"><\/div>\n\t\t<\/div>\n\t\t\t\t\t\t<\/div>\n\t\t\t\t<\/div>\n\t\t\t\t<div class=\"elementor-element elementor-element-8f4050b elementor-align-justify elementor-widget__width-initial elementor-widget elementor-widget-button\" data-id=\"8f4050b\" data-element_type=\"widget\" data-e-type=\"widget\" data-widget_type=\"button.default\">\n\t\t\t\t<div class=\"elementor-widget-container\">\n\t\t\t\t\t\t\t\t\t<div class=\"elementor-button-wrapper\">\n\t\t\t\t\t<a class=\"elementor-button elementor-button-link elementor-size-sm\" href=\"https:\/\/bodhiwhispers.be\/fr\/cours-de-yoga-bruxelles\/\">\n\t\t\t\t\t\t<span class=\"elementor-button-content-wrapper\">\n\t\t\t\t\t\t\t\t\t<span class=\"elementor-button-text\">Pratiquer le Do-In yoga \u2192<\/span>\n\t\t\t\t\t<\/span>\n\t\t\t\t\t<\/a>\n\t\t\t\t<\/div>\n\t\t\t\t\t\t\t\t<\/div>\n\t\t\t\t<\/div>\n\t\t\t\t<div class=\"elementor-element elementor-element-52b6cfe elementor-widget elementor-widget-spacer\" data-id=\"52b6cfe\" data-element_type=\"widget\" data-e-type=\"widget\" data-widget_type=\"spacer.default\">\n\t\t\t\t<div class=\"elementor-widget-container\">\n\t\t\t\t\t\t\t<div class=\"elementor-spacer\">\n\t\t\t<div class=\"elementor-spacer-inner\"><\/div>\n\t\t<\/div>\n\t\t\t\t\t\t<\/div>\n\t\t\t\t<\/div>\n\t\t\t\t<div class=\"elementor-element elementor-element-b17e0c7 elementor-widget elementor-widget-text-editor\" data-id=\"b17e0c7\" data-element_type=\"widget\" data-e-type=\"widget\" data-widget_type=\"text-editor.default\">\n\t\t\t\t<div class=\"elementor-widget-container\">\n\t\t\t\t\t\t\t\t\t<p>cours collectifs ainsi qu&rsquo;ateliers priv\u00e9s<\/p>\t\t\t\t\t\t\t\t<\/div>\n\t\t\t\t<\/div>\n\t\t\t\t<div class=\"elementor-element elementor-element-4ca3302 elementor-widget elementor-widget-spacer\" data-id=\"4ca3302\" data-element_type=\"widget\" data-e-type=\"widget\" data-widget_type=\"spacer.default\">\n\t\t\t\t<div class=\"elementor-widget-container\">\n\t\t\t\t\t\t\t<div class=\"elementor-spacer\">\n\t\t\t<div class=\"elementor-spacer-inner\"><\/div>\n\t\t<\/div>\n\t\t\t\t\t\t<\/div>\n\t\t\t\t<\/div>\n\t\t\t\t<div class=\"elementor-element elementor-element-90ad3ca elementor-align-justify elementor-widget__width-initial elementor-widget elementor-widget-button\" data-id=\"90ad3ca\" data-element_type=\"widget\" data-e-type=\"widget\" data-widget_type=\"button.default\">\n\t\t\t\t<div class=\"elementor-widget-container\">\n\t\t\t\t\t\t\t\t\t<div class=\"elementor-button-wrapper\">\n\t\t\t\t\t<a class=\"elementor-button elementor-button-link elementor-size-sm\" href=\"https:\/\/bodhiwhispers.be\/fr\/salsa-bruxelles\/\">\n\t\t\t\t\t\t<span class=\"elementor-button-content-wrapper\">\n\t\t\t\t\t\t\t\t\t<span class=\"elementor-button-text\">Apprendre \u00e0 danser la salsa \u2192<\/span>\n\t\t\t\t\t<\/span>\n\t\t\t\t\t<\/a>\n\t\t\t\t<\/div>\n\t\t\t\t\t\t\t\t<\/div>\n\t\t\t\t<\/div>\n\t\t\t\t<div class=\"elementor-element elementor-element-83d5977 elementor-widget elementor-widget-spacer\" data-id=\"83d5977\" data-element_type=\"widget\" data-e-type=\"widget\" data-widget_type=\"spacer.default\">\n\t\t\t\t<div class=\"elementor-widget-container\">\n\t\t\t\t\t\t\t<div class=\"elementor-spacer\">\n\t\t\t<div class=\"elementor-spacer-inner\"><\/div>\n\t\t<\/div>\n\t\t\t\t\t\t<\/div>\n\t\t\t\t<\/div>\n\t\t\t\t<div class=\"elementor-element elementor-element-ba2a1fb elementor-widget elementor-widget-text-editor\" data-id=\"ba2a1fb\" data-element_type=\"widget\" data-e-type=\"widget\" data-widget_type=\"text-editor.default\">\n\t\t\t\t<div class=\"elementor-widget-container\">\n\t\t\t\t\t\t\t\t\t<p>atelier ponctuel<\/p>\t\t\t\t\t\t\t\t<\/div>\n\t\t\t\t<\/div>\n\t\t\t\t<div class=\"elementor-element elementor-element-966dc69 elementor-widget elementor-widget-spacer\" data-id=\"966dc69\" data-element_type=\"widget\" data-e-type=\"widget\" data-widget_type=\"spacer.default\">\n\t\t\t\t<div class=\"elementor-widget-container\">\n\t\t\t\t\t\t\t<div class=\"elementor-spacer\">\n\t\t\t<div class=\"elementor-spacer-inner\"><\/div>\n\t\t<\/div>\n\t\t\t\t\t\t<\/div>\n\t\t\t\t<\/div>\n\t\t\t\t<\/div>\n\t\t\t\t<\/div>\n\t\t\t\t<\/div>\n\t\t\t\t<\/div>\n\t\t","protected":false},"excerpt":{"rendered":"<p>Choisissez votre bien-\u00eatre \u00ab Bienvenue dans l&rsquo;agenda en ligne ! \u00bb D\u00e9couvrez la puissance d\u2019un toucher \u00e9nerg\u00e9tique ou retrouvez l\u2019\u00e9quilibre par le mouvement. Les s\u00e9ances et activit\u00e9s au sein du cabinet sont sp\u00e9cifiquement adapt\u00e9es aux besoins de votre corps et de votre esprit \u00e0 cet instant pr\u00e9cis. Cliquez ci-dessous pour plus de d\u00e9tails et r\u00e9servez [&hellip;]<\/p>\n","protected":false},"author":1,"featured_media":40361,"parent":0,"menu_order":0,"comment_status":"closed","ping_status":"closed","template":"","meta":{"footnotes":""},"class_list":["post-40537","page","type-page","status-publish","has-post-thumbnail","hentry"],"yoast_head":"<!-- This site is optimized with the Yoast SEO plugin v27.6 - https:\/\/yoast.com\/product\/yoast-seo-wordpress\/ -->\n<title>S\u00e9ances et activit\u00e9s | Bodhiwhispers<\/title>\n<meta name=\"description\" content=\"D\u00e9couvrez le travail corporel holistique \u00e0 Bruxelles : du massage japonais (Shiatsu) au Do-In yoga. Trouvez \u00e9quilibre et bien-\u00eatre chez Bodhiwhispers.\" \/>\n<meta name=\"robots\" content=\"index, follow, max-snippet:-1, max-image-preview:large, max-video-preview:-1\" \/>\n<link rel=\"canonical\" href=\"https:\/\/bodhiwhispers.be\/fr\/seances-et-activites\/\" \/>\n<meta property=\"og:locale\" content=\"fr_FR\" \/>\n<meta property=\"og:type\" content=\"article\" \/>\n<meta property=\"og:title\" content=\"S\u00e9ances et activit\u00e9s | Bodhiwhispers\" \/>\n<meta property=\"og:description\" content=\"D\u00e9couvrez le travail corporel holistique \u00e0 Bruxelles : du massage japonais (Shiatsu) au Do-In yoga. Trouvez \u00e9quilibre et bien-\u00eatre chez Bodhiwhispers.\" \/>\n<meta property=\"og:url\" content=\"https:\/\/bodhiwhispers.be\/fr\/seances-et-activites\/\" \/>\n<meta property=\"og:site_name\" content=\"Bodhiwhispers\" \/>\n<meta property=\"article:modified_time\" content=\"2026-04-30T08:09:22+00:00\" \/>\n<meta property=\"og:image\" content=\"https:\/\/bodhiwhispers.be\/wp-content\/uploads\/2026\/01\/stacked-zen-stones-sand-background-art-balance-concept-1-1024x683.jpg\" \/>\n<meta name=\"twitter:card\" content=\"summary_large_image\" \/>\n<script type=\"application\/ld+json\" class=\"yoast-schema-graph\">{\"@context\":\"https:\\\/\\\/schema.org\",\"@graph\":[{\"@type\":\"WebPage\",\"@id\":\"https:\\\/\\\/bodhiwhispers.be\\\/fr\\\/seances-et-activites\\\/\",\"url\":\"https:\\\/\\\/bodhiwhispers.be\\\/fr\\\/seances-et-activites\\\/\",\"name\":\"S\u00e9ances et activit\u00e9s | Bodhiwhispers\",\"isPartOf\":{\"@id\":\"https:\\\/\\\/bodhiwhispers.be\\\/fr\\\/#website\"},\"primaryImageOfPage\":{\"@id\":\"https:\\\/\\\/bodhiwhispers.be\\\/fr\\\/seances-et-activites\\\/#primaryimage\"},\"image\":{\"@id\":\"https:\\\/\\\/bodhiwhispers.be\\\/fr\\\/seances-et-activites\\\/#primaryimage\"},\"thumbnailUrl\":\"https:\\\/\\\/bodhiwhispers.be\\\/wp-content\\\/uploads\\\/2026\\\/01\\\/stacked-zen-stones-sand-background-art-balance-concept-1-scaled.jpg\",\"datePublished\":\"2026-01-16T16:49:02+00:00\",\"dateModified\":\"2026-04-30T08:09:22+00:00\",\"description\":\"D\u00e9couvrez le travail corporel holistique \u00e0 Bruxelles : du massage japonais (Shiatsu) au Do-In yoga. Trouvez \u00e9quilibre et bien-\u00eatre chez Bodhiwhispers.\",\"breadcrumb\":{\"@id\":\"https:\\\/\\\/bodhiwhispers.be\\\/fr\\\/seances-et-activites\\\/#breadcrumb\"},\"inLanguage\":\"fr-FR\",\"potentialAction\":[{\"@type\":\"ReadAction\",\"target\":[\"https:\\\/\\\/bodhiwhispers.be\\\/fr\\\/seances-et-activites\\\/\"]}]},{\"@type\":\"ImageObject\",\"inLanguage\":\"fr-FR\",\"@id\":\"https:\\\/\\\/bodhiwhispers.be\\\/fr\\\/seances-et-activites\\\/#primaryimage\",\"url\":\"https:\\\/\\\/bodhiwhispers.be\\\/wp-content\\\/uploads\\\/2026\\\/01\\\/stacked-zen-stones-sand-background-art-balance-concept-1-scaled.jpg\",\"contentUrl\":\"https:\\\/\\\/bodhiwhispers.be\\\/wp-content\\\/uploads\\\/2026\\\/01\\\/stacked-zen-stones-sand-background-art-balance-concept-1-scaled.jpg\",\"width\":2560,\"height\":1707,\"caption\":\"Zen stones on sand in a circular pattern, background image for Bodhiwhispers sessions including Shiatsu, Reiki, and Do-In yoga in Brussels.Bodhiwhispers-sessies inclusief Shiatsu, Reiki en Do-In yoga in Brussel.\"},{\"@type\":\"BreadcrumbList\",\"@id\":\"https:\\\/\\\/bodhiwhispers.be\\\/fr\\\/seances-et-activites\\\/#breadcrumb\",\"itemListElement\":[{\"@type\":\"ListItem\",\"position\":1,\"name\":\"Home\",\"item\":\"https:\\\/\\\/bodhiwhispers.be\\\/fr\\\/\"},{\"@type\":\"ListItem\",\"position\":2,\"name\":\"S\u00e9ances et activit\u00e9s\"}]},{\"@type\":\"WebSite\",\"@id\":\"https:\\\/\\\/bodhiwhispers.be\\\/fr\\\/#website\",\"url\":\"https:\\\/\\\/bodhiwhispers.be\\\/fr\\\/\",\"name\":\"Bodhiwhispers\",\"description\":\"Cabinet de travail corporel \u00e9nerg\u00e9tique \u00e0 Bruxelles\",\"publisher\":{\"@id\":\"https:\\\/\\\/bodhiwhispers.be\\\/fr\\\/#organization\"},\"alternateName\":\"Bispers\",\"potentialAction\":[{\"@type\":\"SearchAction\",\"target\":{\"@type\":\"EntryPoint\",\"urlTemplate\":\"https:\\\/\\\/bodhiwhispers.be\\\/fr\\\/?s={search_term_string}\"},\"query-input\":{\"@type\":\"PropertyValueSpecification\",\"valueRequired\":true,\"valueName\":\"search_term_string\"}}],\"inLanguage\":\"fr-FR\"},{\"@type\":\"Organization\",\"@id\":\"https:\\\/\\\/bodhiwhispers.be\\\/fr\\\/#organization\",\"name\":\"Bodhiwhispers\",\"url\":\"https:\\\/\\\/bodhiwhispers.be\\\/fr\\\/\",\"logo\":{\"@type\":\"ImageObject\",\"inLanguage\":\"fr-FR\",\"@id\":\"https:\\\/\\\/bodhiwhispers.be\\\/fr\\\/#\\\/schema\\\/logo\\\/image\\\/\",\"url\":\"https:\\\/\\\/bodhiwhispers.be\\\/wp-content\\\/uploads\\\/2025\\\/02\\\/bodhiwhispers-site-icon-search-engines-v3.ico\",\"contentUrl\":\"https:\\\/\\\/bodhiwhispers.be\\\/wp-content\\\/uploads\\\/2025\\\/02\\\/bodhiwhispers-site-icon-search-engines-v3.ico\",\"width\":696,\"height\":696,\"caption\":\"Bodhiwhispers\"},\"image\":{\"@id\":\"https:\\\/\\\/bodhiwhispers.be\\\/fr\\\/#\\\/schema\\\/logo\\\/image\\\/\"}}]}<\/script>\n<!-- \/ Yoast SEO plugin. -->","yoast_head_json":{"title":"S\u00e9ances et activit\u00e9s | Bodhiwhispers","description":"D\u00e9couvrez le travail corporel holistique \u00e0 Bruxelles : du massage japonais (Shiatsu) au Do-In yoga. Trouvez \u00e9quilibre et bien-\u00eatre chez Bodhiwhispers.","robots":{"index":"index","follow":"follow","max-snippet":"max-snippet:-1","max-image-preview":"max-image-preview:large","max-video-preview":"max-video-preview:-1"},"canonical":"https:\/\/bodhiwhispers.be\/fr\/seances-et-activites\/","og_locale":"fr_FR","og_type":"article","og_title":"S\u00e9ances et activit\u00e9s | Bodhiwhispers","og_description":"D\u00e9couvrez le travail corporel holistique \u00e0 Bruxelles : du massage japonais (Shiatsu) au Do-In yoga. Trouvez \u00e9quilibre et bien-\u00eatre chez Bodhiwhispers.","og_url":"https:\/\/bodhiwhispers.be\/fr\/seances-et-activites\/","og_site_name":"Bodhiwhispers","article_modified_time":"2026-04-30T08:09:22+00:00","og_image":[{"url":"https:\/\/bodhiwhispers.be\/wp-content\/uploads\/2026\/01\/stacked-zen-stones-sand-background-art-balance-concept-1-1024x683.jpg","type":"","width":"","height":""}],"twitter_card":"summary_large_image","schema":{"@context":"https:\/\/schema.org","@graph":[{"@type":"WebPage","@id":"https:\/\/bodhiwhispers.be\/fr\/seances-et-activites\/","url":"https:\/\/bodhiwhispers.be\/fr\/seances-et-activites\/","name":"S\u00e9ances et activit\u00e9s | Bodhiwhispers","isPartOf":{"@id":"https:\/\/bodhiwhispers.be\/fr\/#website"},"primaryImageOfPage":{"@id":"https:\/\/bodhiwhispers.be\/fr\/seances-et-activites\/#primaryimage"},"image":{"@id":"https:\/\/bodhiwhispers.be\/fr\/seances-et-activites\/#primaryimage"},"thumbnailUrl":"https:\/\/bodhiwhispers.be\/wp-content\/uploads\/2026\/01\/stacked-zen-stones-sand-background-art-balance-concept-1-scaled.jpg","datePublished":"2026-01-16T16:49:02+00:00","dateModified":"2026-04-30T08:09:22+00:00","description":"D\u00e9couvrez le travail corporel holistique \u00e0 Bruxelles : du massage japonais (Shiatsu) au Do-In yoga. Trouvez \u00e9quilibre et bien-\u00eatre chez Bodhiwhispers.","breadcrumb":{"@id":"https:\/\/bodhiwhispers.be\/fr\/seances-et-activites\/#breadcrumb"},"inLanguage":"fr-FR","potentialAction":[{"@type":"ReadAction","target":["https:\/\/bodhiwhispers.be\/fr\/seances-et-activites\/"]}]},{"@type":"ImageObject","inLanguage":"fr-FR","@id":"https:\/\/bodhiwhispers.be\/fr\/seances-et-activites\/#primaryimage","url":"https:\/\/bodhiwhispers.be\/wp-content\/uploads\/2026\/01\/stacked-zen-stones-sand-background-art-balance-concept-1-scaled.jpg","contentUrl":"https:\/\/bodhiwhispers.be\/wp-content\/uploads\/2026\/01\/stacked-zen-stones-sand-background-art-balance-concept-1-scaled.jpg","width":2560,"height":1707,"caption":"Zen stones on sand in a circular pattern, background image for Bodhiwhispers sessions including Shiatsu, Reiki, and Do-In yoga in Brussels.Bodhiwhispers-sessies inclusief Shiatsu, Reiki en Do-In yoga in Brussel."},{"@type":"BreadcrumbList","@id":"https:\/\/bodhiwhispers.be\/fr\/seances-et-activites\/#breadcrumb","itemListElement":[{"@type":"ListItem","position":1,"name":"Home","item":"https:\/\/bodhiwhispers.be\/fr\/"},{"@type":"ListItem","position":2,"name":"S\u00e9ances et activit\u00e9s"}]},{"@type":"WebSite","@id":"https:\/\/bodhiwhispers.be\/fr\/#website","url":"https:\/\/bodhiwhispers.be\/fr\/","name":"Bodhiwhispers","description":"Cabinet de travail corporel \u00e9nerg\u00e9tique \u00e0 Bruxelles","publisher":{"@id":"https:\/\/bodhiwhispers.be\/fr\/#organization"},"alternateName":"Bispers","potentialAction":[{"@type":"SearchAction","target":{"@type":"EntryPoint","urlTemplate":"https:\/\/bodhiwhispers.be\/fr\/?s={search_term_string}"},"query-input":{"@type":"PropertyValueSpecification","valueRequired":true,"valueName":"search_term_string"}}],"inLanguage":"fr-FR"},{"@type":"Organization","@id":"https:\/\/bodhiwhispers.be\/fr\/#organization","name":"Bodhiwhispers","url":"https:\/\/bodhiwhispers.be\/fr\/","logo":{"@type":"ImageObject","inLanguage":"fr-FR","@id":"https:\/\/bodhiwhispers.be\/fr\/#\/schema\/logo\/image\/","url":"https:\/\/bodhiwhispers.be\/wp-content\/uploads\/2025\/02\/bodhiwhispers-site-icon-search-engines-v3.ico","contentUrl":"https:\/\/bodhiwhispers.be\/wp-content\/uploads\/2025\/02\/bodhiwhispers-site-icon-search-engines-v3.ico","width":696,"height":696,"caption":"Bodhiwhispers"},"image":{"@id":"https:\/\/bodhiwhispers.be\/fr\/#\/schema\/logo\/image\/"}}]}},"_links":{"self":[{"href":"https:\/\/bodhiwhispers.be\/fr\/wp-json\/wp\/v2\/pages\/40537","targetHints":{"allow":["GET"]}}],"collection":[{"href":"https:\/\/bodhiwhispers.be\/fr\/wp-json\/wp\/v2\/pages"}],"about":[{"href":"https:\/\/bodhiwhispers.be\/fr\/wp-json\/wp\/v2\/types\/page"}],"author":[{"embeddable":true,"href":"https:\/\/bodhiwhispers.be\/fr\/wp-json\/wp\/v2\/users\/1"}],"replies":[{"embeddable":true,"href":"https:\/\/bodhiwhispers.be\/fr\/wp-json\/wp\/v2\/comments?post=40537"}],"version-history":[{"count":66,"href":"https:\/\/bodhiwhispers.be\/fr\/wp-json\/wp\/v2\/pages\/40537\/revisions"}],"predecessor-version":[{"id":47018,"href":"https:\/\/bodhiwhispers.be\/fr\/wp-json\/wp\/v2\/pages\/40537\/revisions\/47018"}],"wp:featuredmedia":[{"embeddable":true,"href":"https:\/\/bodhiwhispers.be\/fr\/wp-json\/wp\/v2\/media\/40361"}],"wp:attachment":[{"href":"https:\/\/bodhiwhispers.be\/fr\/wp-json\/wp\/v2\/media?parent=40537"}],"curies":[{"name":"wp","href":"https:\/\/api.w.org\/{rel}","templated":true}]}}