{"id":45758,"date":"2026-04-03T15:36:42","date_gmt":"2026-04-03T13:36:42","guid":{"rendered":"https:\/\/bodhiwhispers.be\/articles\/"},"modified":"2026-04-28T13:38:13","modified_gmt":"2026-04-28T11:38:13","slug":"articles-shiatsu-approfondissement-professionnel","status":"publish","type":"page","link":"https:\/\/bodhiwhispers.be\/fr\/articles-shiatsu-approfondissement-professionnel\/","title":{"rendered":"Approfondissement en shiatsu pour professionnels"},"content":{"rendered":"\t\t<div data-elementor-type=\"wp-page\" data-elementor-id=\"45758\" class=\"elementor elementor-45758 elementor-45650\" data-elementor-post-type=\"page\">\n\t\t\t\t<div class=\"elementor-element elementor-element-c98d112 e-con-full e-flex e-con e-parent\" data-id=\"c98d112\" data-element_type=\"container\" data-e-type=\"container\" data-settings=\"{&quot;background_background&quot;:&quot;classic&quot;}\">\n\t\t\t\t<div class=\"elementor-element elementor-element-eb1c02d elementor-widget-tablet__width-inherit animated-slow elementor-widget elementor-widget-heading\" data-id=\"eb1c02d\" data-element_type=\"widget\" data-e-type=\"widget\" data-settings=\"{&quot;_animation&quot;:&quot;none&quot;,&quot;_animation_delay&quot;:0}\" data-widget_type=\"heading.default\">\n\t\t\t\t<div class=\"elementor-widget-container\">\n\t\t\t\t\t<h1 class=\"elementor-heading-title elementor-size-default\">Shiatsu &amp; travail corporel holistique : explorations approfondies pour professionnels<\/h1>\t\t\t\t<\/div>\n\t\t\t\t<\/div>\n\t\t\t\t<div class=\"elementor-element elementor-element-2aff7d4 elementor-widget elementor-widget-spacer\" data-id=\"2aff7d4\" data-element_type=\"widget\" data-e-type=\"widget\" data-widget_type=\"spacer.default\">\n\t\t\t\t<div class=\"elementor-widget-container\">\n\t\t\t\t\t\t\t<div class=\"elementor-spacer\">\n\t\t\t<div class=\"elementor-spacer-inner\"><\/div>\n\t\t<\/div>\n\t\t\t\t\t\t<\/div>\n\t\t\t\t<\/div>\n\t\t\t\t<div class=\"elementor-element elementor-element-ab1e263 elementor-widget elementor-widget-heading\" data-id=\"ab1e263\" data-element_type=\"widget\" data-e-type=\"widget\" data-widget_type=\"heading.default\">\n\t\t\t\t<div class=\"elementor-widget-container\">\n\t\t\t\t\t<h2 class=\"elementor-heading-title elementor-size-default\">Sagesse ancienne, sources modernes et interpr\u00e9tation<\/h2>\t\t\t\t<\/div>\n\t\t\t\t<\/div>\n\t\t\t\t<div class=\"elementor-element elementor-element-b260682 elementor-widget elementor-widget-spacer\" data-id=\"b260682\" data-element_type=\"widget\" data-e-type=\"widget\" data-widget_type=\"spacer.default\">\n\t\t\t\t<div class=\"elementor-widget-container\">\n\t\t\t\t\t\t\t<div class=\"elementor-spacer\">\n\t\t\t<div class=\"elementor-spacer-inner\"><\/div>\n\t\t<\/div>\n\t\t\t\t\t\t<\/div>\n\t\t\t\t<\/div>\n\t\t\t\t<div class=\"elementor-element elementor-element-3a20b22 elementor-widget elementor-widget-text-editor\" data-id=\"3a20b22\" data-element_type=\"widget\" data-e-type=\"widget\" data-widget_type=\"text-editor.default\">\n\t\t\t\t<div class=\"elementor-widget-container\">\n\t\t\t\t\t\t\t\t\t<p>Bienvenue dans ma biblioth\u00e8que num\u00e9rique. J\u2019y partage mes r\u00e9flexions personnelles et mes perspectives sur le shiatsu et les principes \u00e9nerg\u00e9tiques. <\/p><p>En m\u2019appuyant sur des textes classiques et de la litt\u00e9rature contemporaine, je propose un cadre \u00e9clair\u00e9 aux professionnels et \u00e0 toute personne d\u00e9sireuse d\u2019approfondir son cheminement dans le travail corporel holistique.<\/p>\t\t\t\t\t\t\t\t<\/div>\n\t\t\t\t<\/div>\n\t\t\t\t<div class=\"elementor-element elementor-element-ccfa842 elementor-widget elementor-widget-spacer\" data-id=\"ccfa842\" data-element_type=\"widget\" data-e-type=\"widget\" data-widget_type=\"spacer.default\">\n\t\t\t\t<div class=\"elementor-widget-container\">\n\t\t\t\t\t\t\t<div class=\"elementor-spacer\">\n\t\t\t<div class=\"elementor-spacer-inner\"><\/div>\n\t\t<\/div>\n\t\t\t\t\t\t<\/div>\n\t\t\t\t<\/div>\n\t\t\t\t<div class=\"elementor-element elementor-element-50525da elementor-widget-mobile__width-initial elementor-grid-3 elementor-grid-tablet-2 elementor-grid-mobile-1 elementor-posts--thumbnail-top elementor-card-shadow-yes elementor-posts__hover-gradient elementor-widget elementor-widget-posts\" data-id=\"50525da\" data-element_type=\"widget\" data-e-type=\"widget\" data-settings=\"{&quot;cards_columns&quot;:&quot;3&quot;,&quot;cards_columns_tablet&quot;:&quot;2&quot;,&quot;cards_columns_mobile&quot;:&quot;1&quot;,&quot;cards_row_gap&quot;:{&quot;unit&quot;:&quot;px&quot;,&quot;size&quot;:35,&quot;sizes&quot;:[]},&quot;cards_row_gap_widescreen&quot;:{&quot;unit&quot;:&quot;px&quot;,&quot;size&quot;:&quot;&quot;,&quot;sizes&quot;:[]},&quot;cards_row_gap_laptop&quot;:{&quot;unit&quot;:&quot;px&quot;,&quot;size&quot;:&quot;&quot;,&quot;sizes&quot;:[]},&quot;cards_row_gap_tablet_extra&quot;:{&quot;unit&quot;:&quot;px&quot;,&quot;size&quot;:&quot;&quot;,&quot;sizes&quot;:[]},&quot;cards_row_gap_tablet&quot;:{&quot;unit&quot;:&quot;px&quot;,&quot;size&quot;:&quot;&quot;,&quot;sizes&quot;:[]},&quot;cards_row_gap_mobile_extra&quot;:{&quot;unit&quot;:&quot;px&quot;,&quot;size&quot;:&quot;&quot;,&quot;sizes&quot;:[]},&quot;cards_row_gap_mobile&quot;:{&quot;unit&quot;:&quot;px&quot;,&quot;size&quot;:&quot;&quot;,&quot;sizes&quot;:[]}}\" data-widget_type=\"posts.cards\">\n\t\t\t\t<div class=\"elementor-widget-container\">\n\t\t\t\t\t\t\t<div class=\"elementor-posts-container elementor-posts elementor-posts--skin-cards elementor-grid\" role=\"list\">\r\n\t\t\t\t<article class=\"elementor-post elementor-grid-item post-45872 post type-post status-publish format-standard has-post-thumbnail hentry category-professionnel\" role=\"listitem\">\r\n\t\t\t<div class=\"elementor-post__card\">\r\n\t\t\t\t<a class=\"elementor-post__thumbnail__link\" href=\"https:\/\/bodhiwhispers.be\/fr\/trois-tresors-croix-de-rencontre-shiatsu\/\" tabindex=\"-1\" ><div class=\"elementor-post__thumbnail\"><img fetchpriority=\"high\" decoding=\"async\" width=\"1024\" height=\"1024\" src=\"https:\/\/bodhiwhispers.be\/wp-content\/uploads\/2026\/04\/cross-of-encounter-jing-qi-shen-shiatsu-bodhiwhispers.jpg\" class=\"attachment-full size-full wp-image-45870\" alt=\"Watercolor illustration of two hands meeting at a golden intersection of a horizontal and vertical line, representing the Three Treasures: Jing, Qi, and Shen.\" srcset=\"https:\/\/bodhiwhispers.be\/wp-content\/uploads\/2026\/04\/cross-of-encounter-jing-qi-shen-shiatsu-bodhiwhispers.jpg 1024w, https:\/\/bodhiwhispers.be\/wp-content\/uploads\/2026\/04\/cross-of-encounter-jing-qi-shen-shiatsu-bodhiwhispers-300x300.jpg 300w, https:\/\/bodhiwhispers.be\/wp-content\/uploads\/2026\/04\/cross-of-encounter-jing-qi-shen-shiatsu-bodhiwhispers-150x150.jpg 150w, https:\/\/bodhiwhispers.be\/wp-content\/uploads\/2026\/04\/cross-of-encounter-jing-qi-shen-shiatsu-bodhiwhispers-768x768.jpg 768w\" sizes=\"(max-width: 1024px) 100vw, 1024px\" \/><\/div><\/a>\r\n\t\t\t\t<div class=\"elementor-post__text\">\r\n\t\t\t\t<h3 class=\"elementor-post__title\">\r\n\t\t\t<a href=\"https:\/\/bodhiwhispers.be\/fr\/trois-tresors-croix-de-rencontre-shiatsu\/\" >\r\n\t\t\t\tLes trois tr\u00e9sors et la crois\u00e9e des chemins : un voyage Shiatsu \u00e0 travers le Jing, le Qi et le Shen\t\t\t<\/a>\r\n\t\t<\/h3>\r\n\t\t\t\t<\/div>\r\n\t\t\t\t\t<\/div>\r\n\t\t<\/article>\r\n\t\t\t\t<article class=\"elementor-post elementor-grid-item post-46019 post type-post status-publish format-standard has-post-thumbnail hentry category-professionnel\" role=\"listitem\">\r\n\t\t\t<div class=\"elementor-post__card\">\r\n\t\t\t\t<a class=\"elementor-post__thumbnail__link\" href=\"https:\/\/bodhiwhispers.be\/fr\/shiatsu-vaisseaux-merveilleux-bruxelles-partie-1\/\" tabindex=\"-1\" ><div class=\"elementor-post__thumbnail\"><img decoding=\"async\" width=\"1280\" height=\"853\" src=\"https:\/\/bodhiwhispers.be\/wp-content\/uploads\/2026\/04\/extraordinary-meridians-shiatsu-journey-bodhiwhispers.jpg\" class=\"attachment-full size-full wp-image-46007\" alt=\"A person standing on a rock overlooking a vast mountain landscape and river, symbolizing the energy flow of the Extraordinary Meridians in Shiatsu.\" srcset=\"https:\/\/bodhiwhispers.be\/wp-content\/uploads\/2026\/04\/extraordinary-meridians-shiatsu-journey-bodhiwhispers.jpg 1280w, https:\/\/bodhiwhispers.be\/wp-content\/uploads\/2026\/04\/extraordinary-meridians-shiatsu-journey-bodhiwhispers-300x200.jpg 300w, https:\/\/bodhiwhispers.be\/wp-content\/uploads\/2026\/04\/extraordinary-meridians-shiatsu-journey-bodhiwhispers-1024x682.jpg 1024w, https:\/\/bodhiwhispers.be\/wp-content\/uploads\/2026\/04\/extraordinary-meridians-shiatsu-journey-bodhiwhispers-768x512.jpg 768w\" sizes=\"(max-width: 1280px) 100vw, 1280px\" \/><\/div><\/a>\r\n\t\t\t\t<div class=\"elementor-post__text\">\r\n\t\t\t\t<h3 class=\"elementor-post__title\">\r\n\t\t\t<a href=\"https:\/\/bodhiwhispers.be\/fr\/shiatsu-vaisseaux-merveilleux-bruxelles-partie-1\/\" >\r\n\t\t\t\tLes merveilleux vaisseaux \u2014 Partie 1 : De la th\u00e9orie classique \u00e0 un mod\u00e8le clinique conceptuel en Shiatsu\t\t\t<\/a>\r\n\t\t<\/h3>\r\n\t\t\t\t<\/div>\r\n\t\t\t\t\t<\/div>\r\n\t\t<\/article>\r\n\t\t\t\t<article class=\"elementor-post elementor-grid-item post-46559 post type-post status-publish format-standard has-post-thumbnail hentry category-professionnel\" role=\"listitem\">\r\n\t\t\t<div class=\"elementor-post__card\">\r\n\t\t\t\t<a class=\"elementor-post__thumbnail__link\" href=\"https:\/\/bodhiwhispers.be\/fr\/empathie-somatique-shiatsu-resonance\/\" tabindex=\"-1\" ><div class=\"elementor-post__thumbnail\"><img decoding=\"async\" width=\"1280\" height=\"730\" src=\"https:\/\/bodhiwhispers.be\/wp-content\/uploads\/2026\/04\/somatic-empathy-shiatsu-resonance-patterns.jpg\" class=\"attachment-full size-full wp-image-46558\" alt=\"Abstract sand ripple patterns representing somatic empathy and resonance in shiatsu practice.\" srcset=\"https:\/\/bodhiwhispers.be\/wp-content\/uploads\/2026\/04\/somatic-empathy-shiatsu-resonance-patterns.jpg 1280w, https:\/\/bodhiwhispers.be\/wp-content\/uploads\/2026\/04\/somatic-empathy-shiatsu-resonance-patterns-300x171.jpg 300w, https:\/\/bodhiwhispers.be\/wp-content\/uploads\/2026\/04\/somatic-empathy-shiatsu-resonance-patterns-1024x584.jpg 1024w, https:\/\/bodhiwhispers.be\/wp-content\/uploads\/2026\/04\/somatic-empathy-shiatsu-resonance-patterns-768x438.jpg 768w\" sizes=\"(max-width: 1280px) 100vw, 1280px\" \/><\/div><\/a>\r\n\t\t\t\t<div class=\"elementor-post__text\">\r\n\t\t\t\t<h3 class=\"elementor-post__title\">\r\n\t\t\t<a href=\"https:\/\/bodhiwhispers.be\/fr\/empathie-somatique-shiatsu-resonance\/\" >\r\n\t\t\t\tLe corps comme boussole : Empathie somatique et r\u00e9sonance\t\t\t<\/a>\r\n\t\t<\/h3>\r\n\t\t\t\t<\/div>\r\n\t\t\t\t\t<\/div>\r\n\t\t<\/article>\r\n\t\t\t\t<article class=\"elementor-post elementor-grid-item post-46841 post type-post status-publish format-standard has-post-thumbnail hentry category-non-classifiee\" role=\"listitem\">\r\n\t\t\t<div class=\"elementor-post__card\">\r\n\t\t\t\t<a class=\"elementor-post__thumbnail__link\" href=\"https:\/\/bodhiwhispers.be\/fr\/shiatsu-vaisseaux-merveilleux-bruxelles-partie-2\/\" tabindex=\"-1\" ><div class=\"elementor-post__thumbnail\"><img loading=\"lazy\" decoding=\"async\" width=\"2560\" height=\"1707\" src=\"https:\/\/bodhiwhispers.be\/wp-content\/uploads\/2026\/04\/dance-of-qi-extraordinary-meridians-shiatsu-bodhiwhispers-scaled.jpg\" class=\"attachment-full size-full wp-image-46840\" alt=\"Two dancers in a graceful, energetic pose with dramatic lighting, representing the Dance of Qi and the interplay of Yin and Yang Qiao Mai.\" srcset=\"https:\/\/bodhiwhispers.be\/wp-content\/uploads\/2026\/04\/dance-of-qi-extraordinary-meridians-shiatsu-bodhiwhispers-scaled.jpg 2560w, https:\/\/bodhiwhispers.be\/wp-content\/uploads\/2026\/04\/dance-of-qi-extraordinary-meridians-shiatsu-bodhiwhispers-300x200.jpg 300w, https:\/\/bodhiwhispers.be\/wp-content\/uploads\/2026\/04\/dance-of-qi-extraordinary-meridians-shiatsu-bodhiwhispers-1024x683.jpg 1024w, https:\/\/bodhiwhispers.be\/wp-content\/uploads\/2026\/04\/dance-of-qi-extraordinary-meridians-shiatsu-bodhiwhispers-768x512.jpg 768w, https:\/\/bodhiwhispers.be\/wp-content\/uploads\/2026\/04\/dance-of-qi-extraordinary-meridians-shiatsu-bodhiwhispers-1536x1024.jpg 1536w, https:\/\/bodhiwhispers.be\/wp-content\/uploads\/2026\/04\/dance-of-qi-extraordinary-meridians-shiatsu-bodhiwhispers-2048x1365.jpg 2048w\" sizes=\"(max-width: 2560px) 100vw, 2560px\" \/><\/div><\/a>\r\n\t\t\t\t<div class=\"elementor-post__text\">\r\n\t\t\t\t<h3 class=\"elementor-post__title\">\r\n\t\t\t<a href=\"https:\/\/bodhiwhispers.be\/fr\/shiatsu-vaisseaux-merveilleux-bruxelles-partie-2\/\" >\r\n\t\t\t\tMerveilleux vaisseaux \u2014 Partie 2 : La danse du Qi comme miroir du praticien de Shiatsu\t\t\t<\/a>\r\n\t\t<\/h3>\r\n\t\t\t\t<\/div>\r\n\t\t\t\t\t<\/div>\r\n\t\t<\/article>\r\n\t\t\t\t<\/div>\r\n\t\t\r\n\t\t\t\t\t\t<\/div>\n\t\t\t\t<\/div>\n\t\t\t\t<div class=\"elementor-element elementor-element-99fc54e elementor-widget elementor-widget-spacer\" data-id=\"99fc54e\" data-element_type=\"widget\" data-e-type=\"widget\" data-widget_type=\"spacer.default\">\n\t\t\t\t<div class=\"elementor-widget-container\">\n\t\t\t\t\t\t\t<div class=\"elementor-spacer\">\n\t\t\t<div class=\"elementor-spacer-inner\"><\/div>\n\t\t<\/div>\n\t\t\t\t\t\t<\/div>\n\t\t\t\t<\/div>\n\t\t\t\t<\/div>\n\t\t\t\t<\/div>\n\t\t","protected":false},"excerpt":{"rendered":"<p>Shiatsu &amp; travail corporel holistique : explorations approfondies pour professionnels Sagesse ancienne, sources modernes et interpr\u00e9tation Bienvenue dans ma biblioth\u00e8que num\u00e9rique. J\u2019y partage mes r\u00e9flexions<\/p>\n","protected":false},"author":1,"featured_media":0,"parent":0,"menu_order":0,"comment_status":"closed","ping_status":"closed","template":"elementor_header_footer","meta":{"footnotes":""},"class_list":["post-45758","page","type-page","status-publish","hentry"],"yoast_head":"<!-- This site is optimized with the Yoast SEO plugin v27.6 - https:\/\/yoast.com\/product\/yoast-seo-wordpress\/ -->\n<title>Approfondissement en shiatsu pour professionnels | Bodhiwhispers<\/title>\n<meta name=\"description\" content=\"D\u00e9couvrez des r\u00e9flexions personnelles et des interpr\u00e9tations po\u00e9tiques de la m\u00e9decine chinoise classique. Un espace de ressourcement pour le praticien professionnel \u00e0 Bruxelles.\" \/>\n<meta name=\"robots\" content=\"index, follow, max-snippet:-1, max-image-preview:large, max-video-preview:-1\" \/>\n<link rel=\"canonical\" href=\"https:\/\/bodhiwhispers.be\/fr\/articles-shiatsu-approfondissement-professionnel\/\" \/>\n<meta property=\"og:locale\" content=\"fr_FR\" \/>\n<meta property=\"og:type\" content=\"article\" \/>\n<meta property=\"og:title\" content=\"Approfondissement en shiatsu pour professionnels | Bodhiwhispers\" \/>\n<meta property=\"og:description\" content=\"D\u00e9couvrez des r\u00e9flexions personnelles et des interpr\u00e9tations po\u00e9tiques de la m\u00e9decine chinoise classique. Un espace de ressourcement pour le praticien professionnel \u00e0 Bruxelles.\" \/>\n<meta property=\"og:url\" content=\"https:\/\/bodhiwhispers.be\/fr\/articles-shiatsu-approfondissement-professionnel\/\" \/>\n<meta property=\"og:site_name\" content=\"Bodhiwhispers\" \/>\n<meta property=\"article:modified_time\" content=\"2026-04-28T11:38:13+00:00\" \/>\n<meta property=\"og:image\" content=\"https:\/\/bodhiwhispers.be\/wp-content\/uploads\/2026\/04\/shiatsu-professional-articles-knowledge-base-1024x704.jpg\" \/>\n<meta name=\"twitter:card\" content=\"summary_large_image\" \/>\n<script type=\"application\/ld+json\" class=\"yoast-schema-graph\">{\"@context\":\"https:\\\/\\\/schema.org\",\"@graph\":[{\"@type\":\"WebPage\",\"@id\":\"https:\\\/\\\/bodhiwhispers.be\\\/fr\\\/articles-shiatsu-approfondissement-professionnel\\\/\",\"url\":\"https:\\\/\\\/bodhiwhispers.be\\\/fr\\\/articles-shiatsu-approfondissement-professionnel\\\/\",\"name\":\"Approfondissement en shiatsu pour professionnels | Bodhiwhispers\",\"isPartOf\":{\"@id\":\"https:\\\/\\\/bodhiwhispers.be\\\/fr\\\/#website\"},\"datePublished\":\"2026-04-03T13:36:42+00:00\",\"dateModified\":\"2026-04-28T11:38:13+00:00\",\"description\":\"D\u00e9couvrez des r\u00e9flexions personnelles et des interpr\u00e9tations po\u00e9tiques de la m\u00e9decine chinoise classique. Un espace de ressourcement pour le praticien professionnel \u00e0 Bruxelles.\",\"breadcrumb\":{\"@id\":\"https:\\\/\\\/bodhiwhispers.be\\\/fr\\\/articles-shiatsu-approfondissement-professionnel\\\/#breadcrumb\"},\"inLanguage\":\"fr-FR\",\"potentialAction\":[{\"@type\":\"ReadAction\",\"target\":[\"https:\\\/\\\/bodhiwhispers.be\\\/fr\\\/articles-shiatsu-approfondissement-professionnel\\\/\"]}]},{\"@type\":\"BreadcrumbList\",\"@id\":\"https:\\\/\\\/bodhiwhispers.be\\\/fr\\\/articles-shiatsu-approfondissement-professionnel\\\/#breadcrumb\",\"itemListElement\":[{\"@type\":\"ListItem\",\"position\":1,\"name\":\"Home\",\"item\":\"https:\\\/\\\/bodhiwhispers.be\\\/fr\\\/\"},{\"@type\":\"ListItem\",\"position\":2,\"name\":\"Approfondissement en shiatsu pour professionnels\"}]},{\"@type\":\"WebSite\",\"@id\":\"https:\\\/\\\/bodhiwhispers.be\\\/fr\\\/#website\",\"url\":\"https:\\\/\\\/bodhiwhispers.be\\\/fr\\\/\",\"name\":\"Bodhiwhispers\",\"description\":\"Cabinet de travail corporel \u00e9nerg\u00e9tique \u00e0 Bruxelles\",\"publisher\":{\"@id\":\"https:\\\/\\\/bodhiwhispers.be\\\/fr\\\/#organization\"},\"alternateName\":\"Bispers\",\"potentialAction\":[{\"@type\":\"SearchAction\",\"target\":{\"@type\":\"EntryPoint\",\"urlTemplate\":\"https:\\\/\\\/bodhiwhispers.be\\\/fr\\\/?s={search_term_string}\"},\"query-input\":{\"@type\":\"PropertyValueSpecification\",\"valueRequired\":true,\"valueName\":\"search_term_string\"}}],\"inLanguage\":\"fr-FR\"},{\"@type\":\"Organization\",\"@id\":\"https:\\\/\\\/bodhiwhispers.be\\\/fr\\\/#organization\",\"name\":\"Bodhiwhispers\",\"url\":\"https:\\\/\\\/bodhiwhispers.be\\\/fr\\\/\",\"logo\":{\"@type\":\"ImageObject\",\"inLanguage\":\"fr-FR\",\"@id\":\"https:\\\/\\\/bodhiwhispers.be\\\/fr\\\/#\\\/schema\\\/logo\\\/image\\\/\",\"url\":\"https:\\\/\\\/bodhiwhispers.be\\\/wp-content\\\/uploads\\\/2025\\\/02\\\/bodhiwhispers-site-icon-search-engines-v3.ico\",\"contentUrl\":\"https:\\\/\\\/bodhiwhispers.be\\\/wp-content\\\/uploads\\\/2025\\\/02\\\/bodhiwhispers-site-icon-search-engines-v3.ico\",\"width\":696,\"height\":696,\"caption\":\"Bodhiwhispers\"},\"image\":{\"@id\":\"https:\\\/\\\/bodhiwhispers.be\\\/fr\\\/#\\\/schema\\\/logo\\\/image\\\/\"}}]}<\/script>\n<!-- \/ Yoast SEO plugin. -->","yoast_head_json":{"title":"Approfondissement en shiatsu pour professionnels | Bodhiwhispers","description":"D\u00e9couvrez des r\u00e9flexions personnelles et des interpr\u00e9tations po\u00e9tiques de la m\u00e9decine chinoise classique. Un espace de ressourcement pour le praticien professionnel \u00e0 Bruxelles.","robots":{"index":"index","follow":"follow","max-snippet":"max-snippet:-1","max-image-preview":"max-image-preview:large","max-video-preview":"max-video-preview:-1"},"canonical":"https:\/\/bodhiwhispers.be\/fr\/articles-shiatsu-approfondissement-professionnel\/","og_locale":"fr_FR","og_type":"article","og_title":"Approfondissement en shiatsu pour professionnels | Bodhiwhispers","og_description":"D\u00e9couvrez des r\u00e9flexions personnelles et des interpr\u00e9tations po\u00e9tiques de la m\u00e9decine chinoise classique. Un espace de ressourcement pour le praticien professionnel \u00e0 Bruxelles.","og_url":"https:\/\/bodhiwhispers.be\/fr\/articles-shiatsu-approfondissement-professionnel\/","og_site_name":"Bodhiwhispers","article_modified_time":"2026-04-28T11:38:13+00:00","og_image":[{"url":"https:\/\/bodhiwhispers.be\/wp-content\/uploads\/2026\/04\/shiatsu-professional-articles-knowledge-base-1024x704.jpg","type":"","width":"","height":""}],"twitter_card":"summary_large_image","schema":{"@context":"https:\/\/schema.org","@graph":[{"@type":"WebPage","@id":"https:\/\/bodhiwhispers.be\/fr\/articles-shiatsu-approfondissement-professionnel\/","url":"https:\/\/bodhiwhispers.be\/fr\/articles-shiatsu-approfondissement-professionnel\/","name":"Approfondissement en shiatsu pour professionnels | Bodhiwhispers","isPartOf":{"@id":"https:\/\/bodhiwhispers.be\/fr\/#website"},"datePublished":"2026-04-03T13:36:42+00:00","dateModified":"2026-04-28T11:38:13+00:00","description":"D\u00e9couvrez des r\u00e9flexions personnelles et des interpr\u00e9tations po\u00e9tiques de la m\u00e9decine chinoise classique. Un espace de ressourcement pour le praticien professionnel \u00e0 Bruxelles.","breadcrumb":{"@id":"https:\/\/bodhiwhispers.be\/fr\/articles-shiatsu-approfondissement-professionnel\/#breadcrumb"},"inLanguage":"fr-FR","potentialAction":[{"@type":"ReadAction","target":["https:\/\/bodhiwhispers.be\/fr\/articles-shiatsu-approfondissement-professionnel\/"]}]},{"@type":"BreadcrumbList","@id":"https:\/\/bodhiwhispers.be\/fr\/articles-shiatsu-approfondissement-professionnel\/#breadcrumb","itemListElement":[{"@type":"ListItem","position":1,"name":"Home","item":"https:\/\/bodhiwhispers.be\/fr\/"},{"@type":"ListItem","position":2,"name":"Approfondissement en shiatsu pour professionnels"}]},{"@type":"WebSite","@id":"https:\/\/bodhiwhispers.be\/fr\/#website","url":"https:\/\/bodhiwhispers.be\/fr\/","name":"Bodhiwhispers","description":"Cabinet de travail corporel \u00e9nerg\u00e9tique \u00e0 Bruxelles","publisher":{"@id":"https:\/\/bodhiwhispers.be\/fr\/#organization"},"alternateName":"Bispers","potentialAction":[{"@type":"SearchAction","target":{"@type":"EntryPoint","urlTemplate":"https:\/\/bodhiwhispers.be\/fr\/?s={search_term_string}"},"query-input":{"@type":"PropertyValueSpecification","valueRequired":true,"valueName":"search_term_string"}}],"inLanguage":"fr-FR"},{"@type":"Organization","@id":"https:\/\/bodhiwhispers.be\/fr\/#organization","name":"Bodhiwhispers","url":"https:\/\/bodhiwhispers.be\/fr\/","logo":{"@type":"ImageObject","inLanguage":"fr-FR","@id":"https:\/\/bodhiwhispers.be\/fr\/#\/schema\/logo\/image\/","url":"https:\/\/bodhiwhispers.be\/wp-content\/uploads\/2025\/02\/bodhiwhispers-site-icon-search-engines-v3.ico","contentUrl":"https:\/\/bodhiwhispers.be\/wp-content\/uploads\/2025\/02\/bodhiwhispers-site-icon-search-engines-v3.ico","width":696,"height":696,"caption":"Bodhiwhispers"},"image":{"@id":"https:\/\/bodhiwhispers.be\/fr\/#\/schema\/logo\/image\/"}}]}},"_links":{"self":[{"href":"https:\/\/bodhiwhispers.be\/fr\/wp-json\/wp\/v2\/pages\/45758","targetHints":{"allow":["GET"]}}],"collection":[{"href":"https:\/\/bodhiwhispers.be\/fr\/wp-json\/wp\/v2\/pages"}],"about":[{"href":"https:\/\/bodhiwhispers.be\/fr\/wp-json\/wp\/v2\/types\/page"}],"author":[{"embeddable":true,"href":"https:\/\/bodhiwhispers.be\/fr\/wp-json\/wp\/v2\/users\/1"}],"replies":[{"embeddable":true,"href":"https:\/\/bodhiwhispers.be\/fr\/wp-json\/wp\/v2\/comments?post=45758"}],"version-history":[{"count":26,"href":"https:\/\/bodhiwhispers.be\/fr\/wp-json\/wp\/v2\/pages\/45758\/revisions"}],"predecessor-version":[{"id":46928,"href":"https:\/\/bodhiwhispers.be\/fr\/wp-json\/wp\/v2\/pages\/45758\/revisions\/46928"}],"wp:attachment":[{"href":"https:\/\/bodhiwhispers.be\/fr\/wp-json\/wp\/v2\/media?parent=45758"}],"curies":[{"name":"wp","href":"https:\/\/api.w.org\/{rel}","templated":true}]}}